{"id":1687,"date":"2019-09-18T17:46:46","date_gmt":"2019-09-18T15:46:46","guid":{"rendered":"https:\/\/recuperaciodedades.cat\/recuperacio-dades-ransomware\/"},"modified":"2019-10-16T11:48:19","modified_gmt":"2019-10-16T09:48:19","slug":"recuperacio-dades-ransomware","status":"publish","type":"page","link":"https:\/\/recuperaciodedades.cat\/es\/recuperacio-dades-ransomware\/","title":{"rendered":"Ransomware"},"content":{"rendered":"<h2>Recuperaci\u00f3n de datos por<\/h2>\n<p><\/p>\n<h1>Criptovirus ransomware<\/h1>\n<p>center<br \/>no-repeat;left top;;<br \/>auto<\/p>\n<p>triangle down<br \/>#0e1833<br \/>#ffffff<\/p>\n<h2>Recuperaci\u00f3n de datos por<\/h2>\n<p><\/p>\n<h1>Criptovirus ransomware<\/h1>\n<p>center<br \/>no-repeat;left top;;<br \/>auto<\/p>\n<p>En Recuperaci\u00f3 de dades tenim la capacitat de desencriptar i recuperar les dades afectades per la majoria de ransomware que hi ha al web.<br \/>\n<br \/>Els ransomware s\u00f3n programes malware (programes perjudicials) que \\\u00bbsegresten\\\u00bb les dades contingudes en un dispositiu, normalment sent un ordinador o smartphone. Est\u00e0 classificat com un error l\u00f2gic, perqu\u00e8 afecta directament a les dades d\\&#8217;un dispositiu sense danyar els components mec\u00e0nics o electr\u00f2nics d\\&#8217;aquest.<\/p>\n<p>En Recuperaci\u00f3 de dades tenemos la capacidad de desencriptar y recuperar los datos afectados por la mayor\u00eda de ransomware que hay en la web.<br \/>\n<br \/>Los ransomware son programas malware (programas da\u00f1inos) que \u201csecuestran\u201d los datos contenidos en un dispositivo, normalmente siendo un ordenador o smartphone. Est\u00e1 clasificado como un error l\u00f3gico, porque afecta directamente a los datos de un dispositivo sin da\u00f1ar los componentes mec\u00e1nicos o electr\u00f3nicos de \u00e9ste.<br \/>no-repeat;left top;;<br \/>auto<\/p>\n<p><img decoding=\"async\" src=\"https:\/\/recuperaciodedades.cat\/wp-content\/uploads\/2019\/09\/ransomware.jpg\" alt=\"recuperaci\u00f3 de dades lleida ransomware virus\" \/><\/p>\n<h2>\u00bfC\u00f3mo infectan?<\/h2>\n<p>center<br \/>no-repeat;left top;;<br \/>auto<br \/>0px<\/p>\n<p>2<br \/>default<br \/>default<\/p>\n<p>33<br \/>fas fa-user-secret<br \/>10<\/p>\n<h4>Infiltraci\u00f3n<\/h4>\n<p>Al igual que con un virus normal, los ransomware se infiltran en un sistema a trav\u00e9s de programas y archivos.<br \/>center<br \/>no-repeat;left top;;<br \/>auto<\/p>\n<p>66<br \/>fas fa-bug<br \/>10<\/p>\n<h4>Infecci\u00f3n<\/h4>\n<p>Cuando se abren estos archivos infectados el virus se ejectua, encriptando r\u00e1pidamente todo lo que puedan llegar a cifrar.<br \/>center<br \/>no-repeat;left top;;<br \/>auto<\/p>\n<p>100<br \/>fas fa-file-invoice-dollar<br \/>10<\/p>\n<h4>Secuestro<\/h4>\n<p>En acabar, muestran un mensaje de rescate pidiendo una cantidad determinada en alguna criptomoneda (normalmente bitcoin) para su desencriptaci\u00f3n.<br \/>center<br \/>no-repeat;left top;;<br \/>auto<\/p>\n<h2>Qu\u00e9 hacer ante un ataque<\/h2>\n<p>center<br \/>no-repeat;left top;;<br \/>auto<br \/>0px<\/p>\n<p>2<br \/>default<br \/>default<\/p>\n<p>fas fa-chevron-right<br \/>NUNCA pagar el rescate<br \/>No hay garant\u00edas de que recupere sus datos, y es muy posible que le obliguen a pagar m\u00e1s despu\u00e9s de pagar la cantidad inicial que se le ped\u00eda.<br \/>2<\/p>\n<p>fas fa-chevron-right<br \/>Apague y desconecte el dispositivo afectado<br \/>Hay criptovirus que pueden propagarse simplemente con estar conectados a una red, por lo que se debe apagar el dispositivo afectado y desconectarlo de la red el\u00e9ctrica cuanto antes.<br \/>2<\/p>\n<p>fas fa-chevron-right<br \/>Desconectar el resto de dispositivos de la red<br \/>Si el dispositivo afectado estaba conectado a una red compartida con otros dispositivos, descon\u00e9ctelos todos para as\u00ed evitar propagar el virus. No todos los criptovirus se propagan solos, pero siempre es mejor ir a lo seguro.<br \/>2<\/p>\n<h2>C\u00f3mo averiguar si sus datos son recuperables<\/h2>\n<p>center<br \/>no-repeat;left top;;<br \/>auto<br \/>0px<\/p>\n<p>2<br \/>default<br \/>default<\/p>\n<p>50<br \/>default<\/p>\n<p>Env\u00edenos un par de archivos encriptados de muestra de diferentes extensiones (.jpg, .pdf, .docx, .gif, etc.) Es preferible que estos archivos no contengan informaci\u00f3n privada.<br \/>\n<br \/>Junto a los archivos, env\u00edenos tambi\u00e9n la \u201cnota de rescate\u201d, que ser\u00eda el mensaje que dej\u00f3 el ransomware indicando d\u00f3nde hacer el pago del rescate. Este archivo suele ser un archivo .txt o un .html.<br \/>\n<br \/>En 24h como m\u00e1ximo le indicaremos gratuitamente si tiene posibilidades de recuperaci\u00f3n.<\/p>\n<p><img decoding=\"async\" src=\"https:\/\/recuperaciodedades.cat\/wp-content\/uploads\/2019\/09\/email.png\" alt=\"recuperaci\u00f3 de dades lleida\" \/><\/p>\n<h2>C\u00f3mo averiguar si sus datos son recuperables<\/h2>\n<p>center<br \/>no-repeat;left top;;<br \/>auto<br \/>0px<\/p>\n<p>2<br \/>default<br \/>default<\/p>\n<p>10<br \/>default<\/p>\n<p>Env\u00edenos un par de archivos encriptados de muestra de diferentes extensiones (.jpg, .pdf, .docx, .gif, etc.) Es preferible que estos archivos no contengan informaci\u00f3n privada.<br \/>\n<br \/>Junto a los archivos, env\u00edenos tambi\u00e9n la \u201cnota de rescate\u201d, que ser\u00eda el mensaje que dej\u00f3 el ransomware indicando d\u00f3nde hacer el pago del rescate. Este archivo suele ser un archivo .txt o un .html.<br \/>\n<br \/>En 24h como m\u00e1ximo le indicaremos gratuitamente si tiene posibilidades de recuperaci\u00f3n.<\/p>\n<p><\/p>\n<h2>Servicio de recuperaci\u00f3n de datos<\/h2>\n<p>center<br \/>no-repeat;left top;;<br \/>auto<br \/>0px<\/p>\n<p>5<br \/>default<br \/>default<\/p>\n<p>Diagn\u00f3stico en 24-48h, recuperaci\u00f3n en 5-7 d\u00edas y env\u00edos gratuitos.<br \/>center<br \/>no-repeat;left top;;<br \/>auto<br \/>20px 0 0<\/p>\n<p>M\u00e1s informaci\u00f3n<br \/><a href=\"\/es\/servei-recuperacio-dades\/\">\/es\/servei-recuperacio-dades\/<\/a><br \/>center<br \/>left<br \/>#dddddd<br \/>#2e6bc2<br \/>4<\/p>\n<h2>Servicio de recuperaci\u00f3n de datos<\/h2>\n<p>center<br \/>no-repeat;left top;;<br \/>auto<br \/>0px<\/p>\n<p>5<br \/>default<br \/>default<\/p>\n<p>Diagn\u00f3stico en 24-48h, recuperaci\u00f3n en 5-7 d\u00edas y env\u00edos gratuitos.<br \/>center<br \/>no-repeat;left top;;<br \/>auto<br \/>20px 0 0<\/p>\n<p>M\u00e1s informaci\u00f3n<br \/><a href=\"\/es\/servei-recuperacio-dades\/\">\/es\/servei-recuperacio-dades\/<\/a><br \/>center<br \/>left<br \/>#dddddd<br \/>#2e6bc2<br \/>4<\/p>\n<p>Contact Form<\/p>\n<h3>Pida informaci\u00f3n<\/h3>\n<p><p class=\"wpcf7-contact-form-not-found\"><strong>Error:<\/strong> Formulario de contacto no encontrado.<\/p><br \/>center<br \/>no-repeat;left top;;<br \/>auto<br \/>0 15%<\/p>\n<p>Quiz\u00e1s estabas buscando:C\u00f3mo recuperar datos de disco duro, recuperar informaci\u00f3n del disco duro, restaurar datos del disco duro externo estropeado, empresa de recuperaci\u00f3n de datos Lleida, recuperaci\u00f3n de datos para virus criptolocker, recuperaci\u00f3n de datos por virus, recuperaci\u00f3n de datos para criptovirus, recuperaci\u00f3n de datos por ransomware Lleida.<\/p>\n","protected":false},"excerpt":{"rendered":"<p>Recuperaci\u00f3n de datos por Criptovirus ransomware centerno-repeat;left top;;auto triangle down#0e1833#ffffff Recuperaci\u00f3n de datos por Criptovirus<span class=\"excerpt-hellip\"> [\u2026]<\/span><\/p>\n","protected":false},"author":5,"featured_media":0,"parent":0,"menu_order":0,"comment_status":"closed","ping_status":"closed","template":"","meta":{"footnotes":""},"class_list":["post-1687","page","type-page","status-publish","hentry"],"yoast_head":"<!-- This site is optimized with the Yoast SEO plugin v23.7 - https:\/\/yoast.com\/wordpress\/plugins\/seo\/ -->\n<title>Recuperaci\u00f3n de datos por criptovirus ransomware en Lleida<\/title>\n<meta name=\"description\" content=\"Empresa de Lleida especialista en recuperaci\u00f3n de datos por ransomware. Recuperamos dispositivos infectados: discos duros HDD, SSD, RAID, etc.\" \/>\n<meta name=\"robots\" content=\"index, follow, max-snippet:-1, max-image-preview:large, max-video-preview:-1\" \/>\n<link rel=\"canonical\" href=\"https:\/\/recuperaciodedades.cat\/es\/recuperacio-dades-ransomware\/\" \/>\n<meta property=\"og:locale\" content=\"es_ES\" \/>\n<meta property=\"og:type\" content=\"article\" \/>\n<meta property=\"og:title\" content=\"Recuperaci\u00f3n de datos por criptovirus ransomware en Lleida\" \/>\n<meta property=\"og:description\" content=\"Empresa de Lleida especialista en recuperaci\u00f3n de datos por ransomware. Recuperamos dispositivos infectados: discos duros HDD, SSD, RAID, etc.\" \/>\n<meta property=\"og:url\" content=\"https:\/\/recuperaciodedades.cat\/es\/recuperacio-dades-ransomware\/\" \/>\n<meta property=\"og:site_name\" content=\"Recuperaci\u00f3 de Dades\" \/>\n<meta property=\"article:modified_time\" content=\"2019-10-16T09:48:19+00:00\" \/>\n<meta property=\"og:image\" content=\"https:\/\/recuperaciodedades.cat\/wp-content\/uploads\/2019\/09\/ransomware.jpg\" \/>\n<meta name=\"twitter:card\" content=\"summary_large_image\" \/>\n<meta name=\"twitter:label1\" content=\"Tiempo de lectura\" \/>\n\t<meta name=\"twitter:data1\" content=\"4 minutos\" \/>\n<script type=\"application\/ld+json\" class=\"yoast-schema-graph\">{\"@context\":\"https:\/\/schema.org\",\"@graph\":[{\"@type\":\"WebPage\",\"@id\":\"https:\/\/recuperaciodedades.cat\/es\/recuperacio-dades-ransomware\/\",\"url\":\"https:\/\/recuperaciodedades.cat\/es\/recuperacio-dades-ransomware\/\",\"name\":\"Recuperaci\u00f3n de datos por criptovirus ransomware en Lleida\",\"isPartOf\":{\"@id\":\"https:\/\/recuperaciodedades.cat\/es\/#website\"},\"primaryImageOfPage\":{\"@id\":\"https:\/\/recuperaciodedades.cat\/es\/recuperacio-dades-ransomware\/#primaryimage\"},\"image\":{\"@id\":\"https:\/\/recuperaciodedades.cat\/es\/recuperacio-dades-ransomware\/#primaryimage\"},\"thumbnailUrl\":\"https:\/\/recuperaciodedades.cat\/wp-content\/uploads\/2019\/09\/ransomware.jpg\",\"datePublished\":\"2019-09-18T15:46:46+00:00\",\"dateModified\":\"2019-10-16T09:48:19+00:00\",\"description\":\"Empresa de Lleida especialista en recuperaci\u00f3n de datos por ransomware. Recuperamos dispositivos infectados: discos duros HDD, SSD, RAID, etc.\",\"breadcrumb\":{\"@id\":\"https:\/\/recuperaciodedades.cat\/es\/recuperacio-dades-ransomware\/#breadcrumb\"},\"inLanguage\":\"es\",\"potentialAction\":[{\"@type\":\"ReadAction\",\"target\":[\"https:\/\/recuperaciodedades.cat\/es\/recuperacio-dades-ransomware\/\"]}]},{\"@type\":\"ImageObject\",\"inLanguage\":\"es\",\"@id\":\"https:\/\/recuperaciodedades.cat\/es\/recuperacio-dades-ransomware\/#primaryimage\",\"url\":\"https:\/\/recuperaciodedades.cat\/wp-content\/uploads\/2019\/09\/ransomware.jpg\",\"contentUrl\":\"https:\/\/recuperaciodedades.cat\/wp-content\/uploads\/2019\/09\/ransomware.jpg\"},{\"@type\":\"BreadcrumbList\",\"@id\":\"https:\/\/recuperaciodedades.cat\/es\/recuperacio-dades-ransomware\/#breadcrumb\",\"itemListElement\":[{\"@type\":\"ListItem\",\"position\":1,\"name\":\"Home\",\"item\":\"https:\/\/recuperaciodedades.cat\/es\/\"},{\"@type\":\"ListItem\",\"position\":2,\"name\":\"Ransomware\"}]},{\"@type\":\"WebSite\",\"@id\":\"https:\/\/recuperaciodedades.cat\/es\/#website\",\"url\":\"https:\/\/recuperaciodedades.cat\/es\/\",\"name\":\"Recuperaci\u00f3 de Dades\",\"description\":\"\",\"publisher\":{\"@id\":\"https:\/\/recuperaciodedades.cat\/es\/#organization\"},\"potentialAction\":[{\"@type\":\"SearchAction\",\"target\":{\"@type\":\"EntryPoint\",\"urlTemplate\":\"https:\/\/recuperaciodedades.cat\/es\/?s={search_term_string}\"},\"query-input\":{\"@type\":\"PropertyValueSpecification\",\"valueRequired\":true,\"valueName\":\"search_term_string\"}}],\"inLanguage\":\"es\"},{\"@type\":\"Organization\",\"@id\":\"https:\/\/recuperaciodedades.cat\/es\/#organization\",\"name\":\"Recuperaci\u00f3 de Dades\",\"url\":\"https:\/\/recuperaciodedades.cat\/es\/\",\"logo\":{\"@type\":\"ImageObject\",\"inLanguage\":\"es\",\"@id\":\"https:\/\/recuperaciodedades.cat\/es\/#\/schema\/logo\/image\/\",\"url\":\"https:\/\/recuperaciodedades.cat\/wp-content\/uploads\/2019\/09\/Logo-Rec-dedades.png\",\"contentUrl\":\"https:\/\/recuperaciodedades.cat\/wp-content\/uploads\/2019\/09\/Logo-Rec-dedades.png\",\"width\":600,\"height\":109,\"caption\":\"Recuperaci\u00f3 de Dades\"},\"image\":{\"@id\":\"https:\/\/recuperaciodedades.cat\/es\/#\/schema\/logo\/image\/\"}}]}<\/script>\n<!-- \/ Yoast SEO plugin. -->","yoast_head_json":{"title":"Recuperaci\u00f3n de datos por criptovirus ransomware en Lleida","description":"Empresa de Lleida especialista en recuperaci\u00f3n de datos por ransomware. Recuperamos dispositivos infectados: discos duros HDD, SSD, RAID, etc.","robots":{"index":"index","follow":"follow","max-snippet":"max-snippet:-1","max-image-preview":"max-image-preview:large","max-video-preview":"max-video-preview:-1"},"canonical":"https:\/\/recuperaciodedades.cat\/es\/recuperacio-dades-ransomware\/","og_locale":"es_ES","og_type":"article","og_title":"Recuperaci\u00f3n de datos por criptovirus ransomware en Lleida","og_description":"Empresa de Lleida especialista en recuperaci\u00f3n de datos por ransomware. Recuperamos dispositivos infectados: discos duros HDD, SSD, RAID, etc.","og_url":"https:\/\/recuperaciodedades.cat\/es\/recuperacio-dades-ransomware\/","og_site_name":"Recuperaci\u00f3 de Dades","article_modified_time":"2019-10-16T09:48:19+00:00","og_image":[{"url":"https:\/\/recuperaciodedades.cat\/wp-content\/uploads\/2019\/09\/ransomware.jpg"}],"twitter_card":"summary_large_image","twitter_misc":{"Tiempo de lectura":"4 minutos"},"schema":{"@context":"https:\/\/schema.org","@graph":[{"@type":"WebPage","@id":"https:\/\/recuperaciodedades.cat\/es\/recuperacio-dades-ransomware\/","url":"https:\/\/recuperaciodedades.cat\/es\/recuperacio-dades-ransomware\/","name":"Recuperaci\u00f3n de datos por criptovirus ransomware en Lleida","isPartOf":{"@id":"https:\/\/recuperaciodedades.cat\/es\/#website"},"primaryImageOfPage":{"@id":"https:\/\/recuperaciodedades.cat\/es\/recuperacio-dades-ransomware\/#primaryimage"},"image":{"@id":"https:\/\/recuperaciodedades.cat\/es\/recuperacio-dades-ransomware\/#primaryimage"},"thumbnailUrl":"https:\/\/recuperaciodedades.cat\/wp-content\/uploads\/2019\/09\/ransomware.jpg","datePublished":"2019-09-18T15:46:46+00:00","dateModified":"2019-10-16T09:48:19+00:00","description":"Empresa de Lleida especialista en recuperaci\u00f3n de datos por ransomware. Recuperamos dispositivos infectados: discos duros HDD, SSD, RAID, etc.","breadcrumb":{"@id":"https:\/\/recuperaciodedades.cat\/es\/recuperacio-dades-ransomware\/#breadcrumb"},"inLanguage":"es","potentialAction":[{"@type":"ReadAction","target":["https:\/\/recuperaciodedades.cat\/es\/recuperacio-dades-ransomware\/"]}]},{"@type":"ImageObject","inLanguage":"es","@id":"https:\/\/recuperaciodedades.cat\/es\/recuperacio-dades-ransomware\/#primaryimage","url":"https:\/\/recuperaciodedades.cat\/wp-content\/uploads\/2019\/09\/ransomware.jpg","contentUrl":"https:\/\/recuperaciodedades.cat\/wp-content\/uploads\/2019\/09\/ransomware.jpg"},{"@type":"BreadcrumbList","@id":"https:\/\/recuperaciodedades.cat\/es\/recuperacio-dades-ransomware\/#breadcrumb","itemListElement":[{"@type":"ListItem","position":1,"name":"Home","item":"https:\/\/recuperaciodedades.cat\/es\/"},{"@type":"ListItem","position":2,"name":"Ransomware"}]},{"@type":"WebSite","@id":"https:\/\/recuperaciodedades.cat\/es\/#website","url":"https:\/\/recuperaciodedades.cat\/es\/","name":"Recuperaci\u00f3 de Dades","description":"","publisher":{"@id":"https:\/\/recuperaciodedades.cat\/es\/#organization"},"potentialAction":[{"@type":"SearchAction","target":{"@type":"EntryPoint","urlTemplate":"https:\/\/recuperaciodedades.cat\/es\/?s={search_term_string}"},"query-input":{"@type":"PropertyValueSpecification","valueRequired":true,"valueName":"search_term_string"}}],"inLanguage":"es"},{"@type":"Organization","@id":"https:\/\/recuperaciodedades.cat\/es\/#organization","name":"Recuperaci\u00f3 de Dades","url":"https:\/\/recuperaciodedades.cat\/es\/","logo":{"@type":"ImageObject","inLanguage":"es","@id":"https:\/\/recuperaciodedades.cat\/es\/#\/schema\/logo\/image\/","url":"https:\/\/recuperaciodedades.cat\/wp-content\/uploads\/2019\/09\/Logo-Rec-dedades.png","contentUrl":"https:\/\/recuperaciodedades.cat\/wp-content\/uploads\/2019\/09\/Logo-Rec-dedades.png","width":600,"height":109,"caption":"Recuperaci\u00f3 de Dades"},"image":{"@id":"https:\/\/recuperaciodedades.cat\/es\/#\/schema\/logo\/image\/"}}]}},"_links":{"self":[{"href":"https:\/\/recuperaciodedades.cat\/es\/wp-json\/wp\/v2\/pages\/1687"}],"collection":[{"href":"https:\/\/recuperaciodedades.cat\/es\/wp-json\/wp\/v2\/pages"}],"about":[{"href":"https:\/\/recuperaciodedades.cat\/es\/wp-json\/wp\/v2\/types\/page"}],"author":[{"embeddable":true,"href":"https:\/\/recuperaciodedades.cat\/es\/wp-json\/wp\/v2\/users\/5"}],"replies":[{"embeddable":true,"href":"https:\/\/recuperaciodedades.cat\/es\/wp-json\/wp\/v2\/comments?post=1687"}],"version-history":[{"count":2,"href":"https:\/\/recuperaciodedades.cat\/es\/wp-json\/wp\/v2\/pages\/1687\/revisions"}],"predecessor-version":[{"id":1689,"href":"https:\/\/recuperaciodedades.cat\/es\/wp-json\/wp\/v2\/pages\/1687\/revisions\/1689"}],"wp:attachment":[{"href":"https:\/\/recuperaciodedades.cat\/es\/wp-json\/wp\/v2\/media?parent=1687"}],"curies":[{"name":"wp","href":"https:\/\/api.w.org\/{rel}","templated":true}]}}