{"id":1684,"date":"2019-09-18T16:58:14","date_gmt":"2019-09-18T14:58:14","guid":{"rendered":"https:\/\/recuperaciodedades.cat\/recuperacio-dades-targeta-sd\/"},"modified":"2019-10-16T11:50:10","modified_gmt":"2019-10-16T09:50:10","slug":"recuperacio-dades-targeta-sd","status":"publish","type":"page","link":"https:\/\/recuperaciodedades.cat\/es\/recuperacio-dades-targeta-sd\/","title":{"rendered":"Tarjetas SD\/Mini SD\/Micro SD"},"content":{"rendered":"<h2>Recuperaci\u00f3n de datos de<\/h2>\n<p><\/p>\n<h1>Tarjetas SD\/Mini SD\/Micro SD<\/h1>\n<p>center<br \/>no-repeat;left top;;<br \/>auto<\/p>\n<p>triangle down<br \/>#0e1833<br \/>#ffffff<\/p>\n<h3>Recuperaci\u00f3n de datos de<\/h3>\n<p><\/p>\n<h1>Tarjetas SD<\/h1>\n<p>center<br \/>no-repeat;left top;;<br \/>auto<\/p>\n<p>En Recuperaci\u00f3 de dades somos expertos en la recuperaci\u00f3n de datos de tarjetas SD<br \/>\n<br \/>Las tarjetas SD son dispositivos de almacenamiento extra\u00edble basados \u200b\u200ben memoria flash. Son el dispositivo m\u00e1s utilizado para extender la memoria de dispositivos port\u00e1tiles, y como tal, en Recuperaci\u00f3 de dades nos encargamos de recuperar los datos de las tarjetas SD de cualquier tama\u00f1o, por la necesidad de recuperar los datos de estos dispositivos tan populares. Contacte con nosotros para poner sus datos a salvo.<br \/>no-repeat;left top;;<br \/>auto<\/p>\n<p><img decoding=\"async\" src=\"https:\/\/recuperaciodedades.cat\/wp-content\/uploads\/2019\/09\/sdcard.jpg\" alt=\"recuperaci\u00f3 de dades lleida targeta SD\" \/><br \/>200<\/p>\n<h3>Da\u00f1os en una tarjeta SD<\/h3>\n<p>center<br \/>no-repeat;left top;;<br \/>auto<br \/>0px<\/p>\n<p>2<br \/>default<br \/>default<\/p>\n<p>Las tarjetas SD son vulnerables a errores electr\u00f3nicos al estar basados \u200b\u200ben memoria flash, y su reparaci\u00f3n suele ser algo m\u00e1s compleja ya que son dispositivos con un tama\u00f1o altamente reducido. En cuanto a errores l\u00f3gicos, estos son menos comunes en este tipo de dispositivo que en <a href=\"\/es\/pendrives-usb\/\">memorias USB<\/a>, pero sigue siendo vulnerable a este tipo de errores. Contacte con Recuperaci\u00f3 de dades y recupere los datos de su tarjeta SD.<br \/>center<br \/>no-repeat;left top;;<br \/>auto<br \/>20px 0 0<\/p>\n<h3>Tipos de fallos que afectan a una tarjeta SD<\/h3>\n<p>center<br \/>no-repeat;left top;;<br \/>auto<br \/>0px<\/p>\n<p>2<br \/>default<br \/>default<\/p>\n<p>Errores l\u00f3gicos<br \/>h4<br \/>Son los fallos de sistema de archivos o problemas de software. Recuperamos los datos de tarjetas SD por error l\u00f3gico.<br \/>fas fa-exclamation-triangle<br \/>top<br \/><a href=\"\/es\/tipus-d-errors\/#logics\">\/es\/tipus-d-errors\/#logics<\/a><\/p>\n<p>Errores electr\u00f3nicos<br \/>h4<br \/>Son los que provocan cortocircuitos u otros da\u00f1os en la placa controladora. Recuperamos los datos de tarjetas SD por error electr\u00f3nico.<br \/>fas fa-bolt<br \/>top<br \/><a href=\"\/es\/tipus-d-errors\/#electronics\">\/es\/tipus-d-errors\/#electronics<\/a><\/p>\n<p>M\u00e1s informaci\u00f3n sobre los errores<br \/><a href=\"\/es\/tipus-d-errors\/\">\/es\/tipus-d-errors\/<\/a><br \/>center<br \/>left<br \/>#ffffff<br \/>4<\/p>\n<h2>Servicio de recuperaci\u00f3n de datos<\/h2>\n<p>center<br \/>no-repeat;left top;;<br \/>auto<br \/>0px<\/p>\n<p>5<br \/>default<br \/>default<\/p>\n<p>Diagn\u00f3stico en 24-48h, recuperaci\u00f3n en 5-7 d\u00edas y env\u00edos gratuitos.<br \/>center<br \/>no-repeat;left top;;<br \/>auto<br \/>20px 0 0<\/p>\n<p>M\u00e1s informaci\u00f3n<br \/><a href=\"\/es\/servei-recuperacio-dades\/\">\/es\/servei-recuperacio-dades\/<\/a><br \/>center<br \/>left<br \/>#dddddd<br \/>#2e6bc2<br \/>4<\/p>\n<h2>Servicio de recuperaci\u00f3n de datos<\/h2>\n<p>center<br \/>no-repeat;left top;;<br \/>auto<br \/>0px<\/p>\n<p>5<br \/>default<br \/>default<\/p>\n<p>Diagn\u00f3stico en 24-48h, recuperaci\u00f3n en 5-7 d\u00edas y env\u00edos gratuitos.<br \/>center<br \/>no-repeat;left top;;<br \/>auto<br \/>20px 0 0<\/p>\n<p>M\u00e1s informaci\u00f3n<br \/><a href=\"\/es\/servei-recuperacio-dades\/\">\/es\/servei-recuperacio-dades\/<\/a><br \/>center<br \/>left<br \/>#dddddd<br \/>#2e6bc2<br \/>4<\/p>\n<p>Contact Form<\/p>\n<h3>Pida informaci\u00f3n<\/h3>\n<p><p class=\"wpcf7-contact-form-not-found\"><strong>Error:<\/strong> Formulario de contacto no encontrado.<\/p><br \/>center<br \/>no-repeat;left top;;<br \/>auto<br \/>0 15%<\/p>\n<p>Quiz\u00e1s estabas buscando:Recuperaci\u00f3n de datos tarjetas SD Lleida, como recuperar datos de tarjeta SD, recuperar informaci\u00f3n de una tarjeta SD, restaurar datos de tarjeta SD estropeada, empresa de recuperaci\u00f3n de datos Lleida, como recuperar los datos de la tarjeta sd, recuperar datos tarjeta mini sd , recuperar datos tarjeta micro sd.<\/p>\n","protected":false},"excerpt":{"rendered":"<p>Recuperaci\u00f3n de datos de Tarjetas SD\/Mini SD\/Micro SD centerno-repeat;left top;;auto triangle down#0e1833#ffffff Recuperaci\u00f3n de datos<span class=\"excerpt-hellip\"> [\u2026]<\/span><\/p>\n","protected":false},"author":5,"featured_media":0,"parent":0,"menu_order":0,"comment_status":"closed","ping_status":"closed","template":"","meta":{"footnotes":""},"class_list":["post-1684","page","type-page","status-publish","hentry"],"yoast_head":"<!-- This site is optimized with the Yoast SEO plugin v23.7 - https:\/\/yoast.com\/wordpress\/plugins\/seo\/ -->\n<title>Recuperaci\u00f3n de datos de tarjetas SD en Lleida<\/title>\n<meta name=\"description\" content=\"Empresa de Lleida especializada en recuperaci\u00f3n de datos de tarjetas SD, discos duros HDD, SSD, tarjetas de memoria, RAID y cualquier otro apoyo.\" \/>\n<meta name=\"robots\" content=\"index, follow, max-snippet:-1, max-image-preview:large, max-video-preview:-1\" \/>\n<link rel=\"canonical\" href=\"https:\/\/recuperaciodedades.cat\/es\/recuperacio-dades-targeta-sd\/\" \/>\n<meta property=\"og:locale\" content=\"es_ES\" \/>\n<meta property=\"og:type\" content=\"article\" \/>\n<meta property=\"og:title\" content=\"Recuperaci\u00f3n de datos de tarjetas SD en Lleida\" \/>\n<meta property=\"og:description\" content=\"Empresa de Lleida especializada en recuperaci\u00f3n de datos de tarjetas SD, discos duros HDD, SSD, tarjetas de memoria, RAID y cualquier otro apoyo.\" \/>\n<meta property=\"og:url\" content=\"https:\/\/recuperaciodedades.cat\/es\/recuperacio-dades-targeta-sd\/\" \/>\n<meta property=\"og:site_name\" content=\"Recuperaci\u00f3 de Dades\" \/>\n<meta property=\"article:modified_time\" content=\"2019-10-16T09:50:10+00:00\" \/>\n<meta property=\"og:image\" content=\"https:\/\/recuperaciodedades.cat\/wp-content\/uploads\/2019\/09\/sdcard.jpg\" \/>\n<meta name=\"twitter:card\" content=\"summary_large_image\" \/>\n<meta name=\"twitter:label1\" content=\"Tiempo de lectura\" \/>\n\t<meta name=\"twitter:data1\" content=\"2 minutos\" \/>\n<script type=\"application\/ld+json\" class=\"yoast-schema-graph\">{\"@context\":\"https:\/\/schema.org\",\"@graph\":[{\"@type\":\"WebPage\",\"@id\":\"https:\/\/recuperaciodedades.cat\/es\/recuperacio-dades-targeta-sd\/\",\"url\":\"https:\/\/recuperaciodedades.cat\/es\/recuperacio-dades-targeta-sd\/\",\"name\":\"Recuperaci\u00f3n de datos de tarjetas SD en Lleida\",\"isPartOf\":{\"@id\":\"https:\/\/recuperaciodedades.cat\/es\/#website\"},\"primaryImageOfPage\":{\"@id\":\"https:\/\/recuperaciodedades.cat\/es\/recuperacio-dades-targeta-sd\/#primaryimage\"},\"image\":{\"@id\":\"https:\/\/recuperaciodedades.cat\/es\/recuperacio-dades-targeta-sd\/#primaryimage\"},\"thumbnailUrl\":\"https:\/\/recuperaciodedades.cat\/wp-content\/uploads\/2019\/09\/sdcard.jpg\",\"datePublished\":\"2019-09-18T14:58:14+00:00\",\"dateModified\":\"2019-10-16T09:50:10+00:00\",\"description\":\"Empresa de Lleida especializada en recuperaci\u00f3n de datos de tarjetas SD, discos duros HDD, SSD, tarjetas de memoria, RAID y cualquier otro apoyo.\",\"breadcrumb\":{\"@id\":\"https:\/\/recuperaciodedades.cat\/es\/recuperacio-dades-targeta-sd\/#breadcrumb\"},\"inLanguage\":\"es\",\"potentialAction\":[{\"@type\":\"ReadAction\",\"target\":[\"https:\/\/recuperaciodedades.cat\/es\/recuperacio-dades-targeta-sd\/\"]}]},{\"@type\":\"ImageObject\",\"inLanguage\":\"es\",\"@id\":\"https:\/\/recuperaciodedades.cat\/es\/recuperacio-dades-targeta-sd\/#primaryimage\",\"url\":\"https:\/\/recuperaciodedades.cat\/wp-content\/uploads\/2019\/09\/sdcard.jpg\",\"contentUrl\":\"https:\/\/recuperaciodedades.cat\/wp-content\/uploads\/2019\/09\/sdcard.jpg\"},{\"@type\":\"BreadcrumbList\",\"@id\":\"https:\/\/recuperaciodedades.cat\/es\/recuperacio-dades-targeta-sd\/#breadcrumb\",\"itemListElement\":[{\"@type\":\"ListItem\",\"position\":1,\"name\":\"Home\",\"item\":\"https:\/\/recuperaciodedades.cat\/es\/\"},{\"@type\":\"ListItem\",\"position\":2,\"name\":\"Tarjetas SD\/Mini SD\/Micro SD\"}]},{\"@type\":\"WebSite\",\"@id\":\"https:\/\/recuperaciodedades.cat\/es\/#website\",\"url\":\"https:\/\/recuperaciodedades.cat\/es\/\",\"name\":\"Recuperaci\u00f3 de Dades\",\"description\":\"\",\"publisher\":{\"@id\":\"https:\/\/recuperaciodedades.cat\/es\/#organization\"},\"potentialAction\":[{\"@type\":\"SearchAction\",\"target\":{\"@type\":\"EntryPoint\",\"urlTemplate\":\"https:\/\/recuperaciodedades.cat\/es\/?s={search_term_string}\"},\"query-input\":{\"@type\":\"PropertyValueSpecification\",\"valueRequired\":true,\"valueName\":\"search_term_string\"}}],\"inLanguage\":\"es\"},{\"@type\":\"Organization\",\"@id\":\"https:\/\/recuperaciodedades.cat\/es\/#organization\",\"name\":\"Recuperaci\u00f3 de Dades\",\"url\":\"https:\/\/recuperaciodedades.cat\/es\/\",\"logo\":{\"@type\":\"ImageObject\",\"inLanguage\":\"es\",\"@id\":\"https:\/\/recuperaciodedades.cat\/es\/#\/schema\/logo\/image\/\",\"url\":\"https:\/\/recuperaciodedades.cat\/wp-content\/uploads\/2019\/09\/Logo-Rec-dedades.png\",\"contentUrl\":\"https:\/\/recuperaciodedades.cat\/wp-content\/uploads\/2019\/09\/Logo-Rec-dedades.png\",\"width\":600,\"height\":109,\"caption\":\"Recuperaci\u00f3 de Dades\"},\"image\":{\"@id\":\"https:\/\/recuperaciodedades.cat\/es\/#\/schema\/logo\/image\/\"}}]}<\/script>\n<!-- \/ Yoast SEO plugin. -->","yoast_head_json":{"title":"Recuperaci\u00f3n de datos de tarjetas SD en Lleida","description":"Empresa de Lleida especializada en recuperaci\u00f3n de datos de tarjetas SD, discos duros HDD, SSD, tarjetas de memoria, RAID y cualquier otro apoyo.","robots":{"index":"index","follow":"follow","max-snippet":"max-snippet:-1","max-image-preview":"max-image-preview:large","max-video-preview":"max-video-preview:-1"},"canonical":"https:\/\/recuperaciodedades.cat\/es\/recuperacio-dades-targeta-sd\/","og_locale":"es_ES","og_type":"article","og_title":"Recuperaci\u00f3n de datos de tarjetas SD en Lleida","og_description":"Empresa de Lleida especializada en recuperaci\u00f3n de datos de tarjetas SD, discos duros HDD, SSD, tarjetas de memoria, RAID y cualquier otro apoyo.","og_url":"https:\/\/recuperaciodedades.cat\/es\/recuperacio-dades-targeta-sd\/","og_site_name":"Recuperaci\u00f3 de Dades","article_modified_time":"2019-10-16T09:50:10+00:00","og_image":[{"url":"https:\/\/recuperaciodedades.cat\/wp-content\/uploads\/2019\/09\/sdcard.jpg"}],"twitter_card":"summary_large_image","twitter_misc":{"Tiempo de lectura":"2 minutos"},"schema":{"@context":"https:\/\/schema.org","@graph":[{"@type":"WebPage","@id":"https:\/\/recuperaciodedades.cat\/es\/recuperacio-dades-targeta-sd\/","url":"https:\/\/recuperaciodedades.cat\/es\/recuperacio-dades-targeta-sd\/","name":"Recuperaci\u00f3n de datos de tarjetas SD en Lleida","isPartOf":{"@id":"https:\/\/recuperaciodedades.cat\/es\/#website"},"primaryImageOfPage":{"@id":"https:\/\/recuperaciodedades.cat\/es\/recuperacio-dades-targeta-sd\/#primaryimage"},"image":{"@id":"https:\/\/recuperaciodedades.cat\/es\/recuperacio-dades-targeta-sd\/#primaryimage"},"thumbnailUrl":"https:\/\/recuperaciodedades.cat\/wp-content\/uploads\/2019\/09\/sdcard.jpg","datePublished":"2019-09-18T14:58:14+00:00","dateModified":"2019-10-16T09:50:10+00:00","description":"Empresa de Lleida especializada en recuperaci\u00f3n de datos de tarjetas SD, discos duros HDD, SSD, tarjetas de memoria, RAID y cualquier otro apoyo.","breadcrumb":{"@id":"https:\/\/recuperaciodedades.cat\/es\/recuperacio-dades-targeta-sd\/#breadcrumb"},"inLanguage":"es","potentialAction":[{"@type":"ReadAction","target":["https:\/\/recuperaciodedades.cat\/es\/recuperacio-dades-targeta-sd\/"]}]},{"@type":"ImageObject","inLanguage":"es","@id":"https:\/\/recuperaciodedades.cat\/es\/recuperacio-dades-targeta-sd\/#primaryimage","url":"https:\/\/recuperaciodedades.cat\/wp-content\/uploads\/2019\/09\/sdcard.jpg","contentUrl":"https:\/\/recuperaciodedades.cat\/wp-content\/uploads\/2019\/09\/sdcard.jpg"},{"@type":"BreadcrumbList","@id":"https:\/\/recuperaciodedades.cat\/es\/recuperacio-dades-targeta-sd\/#breadcrumb","itemListElement":[{"@type":"ListItem","position":1,"name":"Home","item":"https:\/\/recuperaciodedades.cat\/es\/"},{"@type":"ListItem","position":2,"name":"Tarjetas SD\/Mini SD\/Micro SD"}]},{"@type":"WebSite","@id":"https:\/\/recuperaciodedades.cat\/es\/#website","url":"https:\/\/recuperaciodedades.cat\/es\/","name":"Recuperaci\u00f3 de Dades","description":"","publisher":{"@id":"https:\/\/recuperaciodedades.cat\/es\/#organization"},"potentialAction":[{"@type":"SearchAction","target":{"@type":"EntryPoint","urlTemplate":"https:\/\/recuperaciodedades.cat\/es\/?s={search_term_string}"},"query-input":{"@type":"PropertyValueSpecification","valueRequired":true,"valueName":"search_term_string"}}],"inLanguage":"es"},{"@type":"Organization","@id":"https:\/\/recuperaciodedades.cat\/es\/#organization","name":"Recuperaci\u00f3 de Dades","url":"https:\/\/recuperaciodedades.cat\/es\/","logo":{"@type":"ImageObject","inLanguage":"es","@id":"https:\/\/recuperaciodedades.cat\/es\/#\/schema\/logo\/image\/","url":"https:\/\/recuperaciodedades.cat\/wp-content\/uploads\/2019\/09\/Logo-Rec-dedades.png","contentUrl":"https:\/\/recuperaciodedades.cat\/wp-content\/uploads\/2019\/09\/Logo-Rec-dedades.png","width":600,"height":109,"caption":"Recuperaci\u00f3 de Dades"},"image":{"@id":"https:\/\/recuperaciodedades.cat\/es\/#\/schema\/logo\/image\/"}}]}},"_links":{"self":[{"href":"https:\/\/recuperaciodedades.cat\/es\/wp-json\/wp\/v2\/pages\/1684"}],"collection":[{"href":"https:\/\/recuperaciodedades.cat\/es\/wp-json\/wp\/v2\/pages"}],"about":[{"href":"https:\/\/recuperaciodedades.cat\/es\/wp-json\/wp\/v2\/types\/page"}],"author":[{"embeddable":true,"href":"https:\/\/recuperaciodedades.cat\/es\/wp-json\/wp\/v2\/users\/5"}],"replies":[{"embeddable":true,"href":"https:\/\/recuperaciodedades.cat\/es\/wp-json\/wp\/v2\/comments?post=1684"}],"version-history":[{"count":3,"href":"https:\/\/recuperaciodedades.cat\/es\/wp-json\/wp\/v2\/pages\/1684\/revisions"}],"predecessor-version":[{"id":1735,"href":"https:\/\/recuperaciodedades.cat\/es\/wp-json\/wp\/v2\/pages\/1684\/revisions\/1735"}],"wp:attachment":[{"href":"https:\/\/recuperaciodedades.cat\/es\/wp-json\/wp\/v2\/media?parent=1684"}],"curies":[{"name":"wp","href":"https:\/\/api.w.org\/{rel}","templated":true}]}}