{"id":1681,"date":"2019-09-18T13:45:33","date_gmt":"2019-09-18T11:45:33","guid":{"rendered":"https:\/\/recuperaciodedades.cat\/recuperacio-dades-ssd\/"},"modified":"2019-10-16T11:50:01","modified_gmt":"2019-10-16T09:50:01","slug":"recuperacio-dades-ssd","status":"publish","type":"page","link":"https:\/\/recuperaciodedades.cat\/es\/recuperacio-dades-ssd\/","title":{"rendered":"SSDs"},"content":{"rendered":"<h2>Recuperaci\u00f3n de datos de<\/h2>\n<p><\/p>\n<h1>SSDs<\/h1>\n<p>center<br \/>no-repeat;left top;;<br \/>auto<\/p>\n<p>triangle down<br \/>#0e1833<br \/>#ffffff<\/p>\n<h3>Recuperaci\u00f3n de datos de<\/h3>\n<p><\/p>\n<h1>SSDs<\/h1>\n<p>center<br \/>no-repeat;left top;;<br \/>auto<\/p>\n<p>Aqu\u00ed en Recuperaci\u00f3 de dades recuperamos los datos de SSDs de forma fiable y segura.<br \/>\n<br \/>Los SSD (Disco de Estado S\u00f3lido, Solid State Disk en ingl\u00e9s) son los discos que graban y almacenan datos de forma puramente electr\u00f3nica, sin utilizar componentes mec\u00e1nicos. En Recuperaci\u00f3 de dades recuperamos los datos de cualquier SSD, sea parte de un dispositivo o no. Contacte con nosotros para poner sus datos a salvo.<br \/>no-repeat;left top;;<br \/>auto<\/p>\n<p><img decoding=\"async\" src=\"https:\/\/recuperaciodedades.cat\/wp-content\/uploads\/2019\/09\/ssd3.jpg\" alt=\"recuperaci\u00f3 de dades lleida SSD\" \/><br \/>200<\/p>\n<h3>Da\u00f1os en un SSD<\/h3>\n<p>center<br \/>no-repeat;left top;;<br \/>auto<br \/>0px<\/p>\n<p>2<br \/>default<br \/>default<\/p>\n<p>Los SSD son m\u00e1s propensos a fallos electr\u00f3nicos al ser dispositivos completamente electr\u00f3nicos, y estos errores pueden causar la p\u00e9rdida instant\u00e1nea de los datos almacenados, ya que no son guardados en discos magn\u00e9ticos externos al sistema electr\u00f3nico. Si su SSD ha sufrido uno de estos errores, Recuperaci\u00f3 de dades recuperar\u00e1 sus datos de forma r\u00e1pida y segura.<br \/>center<br \/>no-repeat;left top;;<br \/>auto<br \/>20px 0 0<\/p>\n<h3>Tipos de fallos que afectan a un SSD<\/h3>\n<p>center<br \/>no-repeat;left top;;<br \/>auto<br \/>0px<\/p>\n<p>2<br \/>default<br \/>default<\/p>\n<p>Errores l\u00f3gicos<br \/>h4<br \/>Son los fallos de sistema de archivos o problemas de software. Recuperamos los datos de SSDs por error l\u00f3gico.<br \/>fas fa-exclamation-triangle<br \/>top<br \/><a href=\"\/es\/tipus-d-errors\/#logics\">\/es\/tipus-d-errors\/#logics<\/a><\/p>\n<p>Errores electr\u00f3nicos<br \/>h4<br \/>Son los que provocan cortocircuitos u otros da\u00f1os en la placa controladora. Recuperamos los datos de SSDs por error electr\u00f3nico.<br \/>fas fa-bolt<br \/>top<br \/><a href=\"\/es\/tipus-d-errors\/#electronics\">\/es\/tipus-d-errors\/#electronics<\/a><\/p>\n<p>M\u00e9s informaci\u00f3n sobre los errores<br \/><a href=\"\/es\/tipus-d-errors\/\">\/es\/tipus-d-errors\/<\/a><br \/>center<br \/>left<br \/>#ffffff<br \/>4<\/p>\n<h2>Servicio de recuperaci\u00f3n de datos<\/h2>\n<p>center<br \/>no-repeat;left top;;<br \/>auto<br \/>0px<\/p>\n<p>5<br \/>default<br \/>default<\/p>\n<p>Diagn\u00f3stico en 24-48h, recuperaci\u00f3n en 5-7 d\u00edas y env\u00edos gratuitos.\/p&gt;<br \/>center<br \/>no-repeat;left top;;<br \/>auto<br \/>20px 0 0<\/p>\n<p>M\u00e1s informaci\u00f3n<br \/><a href=\"\/es\/servei-recuperacio-dades\/\">\/es\/servei-recuperacio-dades\/<\/a><br \/>center<br \/>left<br \/>#dddddd<br \/>#2e6bc2<br \/>4<\/p>\n<h2>Servicio de recuperaci\u00f3n de datos<\/h2>\n<p>center<br \/>no-repeat;left top;;<br \/>auto<br \/>0px<\/p>\n<p>5<br \/>default<br \/>default<\/p>\n<p>Diagn\u00f3stico en 24-48h, recuperaci\u00f3n en 5-7 d\u00edas y env\u00edos gratuitos.<br \/>center<br \/>no-repeat;left top;;<br \/>auto<br \/>20px 0 0<\/p>\n<p>M\u00e1s informaci\u00f3n<br \/><a href=\"\/es\/servei-recuperacio-dades\/\">\/es\/servei-recuperacio-dades\/<\/a><br \/>center<br \/>left<br \/>#dddddd<br \/>#2e6bc2<br \/>4<\/p>\n<p>Contact Form<\/p>\n<h3>Pida informaci\u00f3n<\/h3>\n<p><p class=\"wpcf7-contact-form-not-found\"><strong>Error:<\/strong> Formulario de contacto no encontrado.<\/p><br \/>center<br \/>no-repeat;left top;;<br \/>auto<br \/>0 15%<\/p>\n<p>Quiz\u00e1s estabas buscando:Recuperaci\u00f3n de datos SSD Lleida, c\u00f3mo recuperar datos de SSD, recuperar informaci\u00f3n del SSD, restaurar datos del SSD estropeado, empresa de recuperaci\u00f3n de datos Lleida, recuperar los datos de disco SSD, recuperar informaci\u00f3n de discos SSD en Lleida.<\/p>\n","protected":false},"excerpt":{"rendered":"<p>Recuperaci\u00f3n de datos de SSDs centerno-repeat;left top;;auto triangle down#0e1833#ffffff Recuperaci\u00f3n de datos de SSDs centerno-repeat;left<span class=\"excerpt-hellip\"> [\u2026]<\/span><\/p>\n","protected":false},"author":5,"featured_media":0,"parent":0,"menu_order":0,"comment_status":"closed","ping_status":"closed","template":"","meta":{"footnotes":""},"class_list":["post-1681","page","type-page","status-publish","hentry"],"yoast_head":"<!-- This site is optimized with the Yoast SEO plugin v23.7 - https:\/\/yoast.com\/wordpress\/plugins\/seo\/ -->\n<title>Recuperaci\u00f3n de datos de discos SSD en Lleida<\/title>\n<meta name=\"description\" content=\"Empresa de Lleida especializada en recuperaci\u00f3n de datos de discos SSD, discos duros HDD, tarjetas de memoria, RAID y cualquier otro apoyo.\" \/>\n<meta name=\"robots\" content=\"index, follow, max-snippet:-1, max-image-preview:large, max-video-preview:-1\" \/>\n<link rel=\"canonical\" href=\"https:\/\/recuperaciodedades.cat\/es\/recuperacio-dades-ssd\/\" \/>\n<meta property=\"og:locale\" content=\"es_ES\" \/>\n<meta property=\"og:type\" content=\"article\" \/>\n<meta property=\"og:title\" content=\"Recuperaci\u00f3n de datos de discos SSD en Lleida\" \/>\n<meta property=\"og:description\" content=\"Empresa de Lleida especializada en recuperaci\u00f3n de datos de discos SSD, discos duros HDD, tarjetas de memoria, RAID y cualquier otro apoyo.\" \/>\n<meta property=\"og:url\" content=\"https:\/\/recuperaciodedades.cat\/es\/recuperacio-dades-ssd\/\" \/>\n<meta property=\"og:site_name\" content=\"Recuperaci\u00f3 de Dades\" \/>\n<meta property=\"article:modified_time\" content=\"2019-10-16T09:50:01+00:00\" \/>\n<meta property=\"og:image\" content=\"https:\/\/recuperaciodedades.cat\/wp-content\/uploads\/2019\/09\/ssd3.jpg\" \/>\n<meta name=\"twitter:card\" content=\"summary_large_image\" \/>\n<meta name=\"twitter:label1\" content=\"Tiempo de lectura\" \/>\n\t<meta name=\"twitter:data1\" content=\"2 minutos\" \/>\n<script type=\"application\/ld+json\" class=\"yoast-schema-graph\">{\"@context\":\"https:\/\/schema.org\",\"@graph\":[{\"@type\":\"WebPage\",\"@id\":\"https:\/\/recuperaciodedades.cat\/es\/recuperacio-dades-ssd\/\",\"url\":\"https:\/\/recuperaciodedades.cat\/es\/recuperacio-dades-ssd\/\",\"name\":\"Recuperaci\u00f3n de datos de discos SSD en Lleida\",\"isPartOf\":{\"@id\":\"https:\/\/recuperaciodedades.cat\/es\/#website\"},\"primaryImageOfPage\":{\"@id\":\"https:\/\/recuperaciodedades.cat\/es\/recuperacio-dades-ssd\/#primaryimage\"},\"image\":{\"@id\":\"https:\/\/recuperaciodedades.cat\/es\/recuperacio-dades-ssd\/#primaryimage\"},\"thumbnailUrl\":\"https:\/\/recuperaciodedades.cat\/wp-content\/uploads\/2019\/09\/ssd3.jpg\",\"datePublished\":\"2019-09-18T11:45:33+00:00\",\"dateModified\":\"2019-10-16T09:50:01+00:00\",\"description\":\"Empresa de Lleida especializada en recuperaci\u00f3n de datos de discos SSD, discos duros HDD, tarjetas de memoria, RAID y cualquier otro apoyo.\",\"breadcrumb\":{\"@id\":\"https:\/\/recuperaciodedades.cat\/es\/recuperacio-dades-ssd\/#breadcrumb\"},\"inLanguage\":\"es\",\"potentialAction\":[{\"@type\":\"ReadAction\",\"target\":[\"https:\/\/recuperaciodedades.cat\/es\/recuperacio-dades-ssd\/\"]}]},{\"@type\":\"ImageObject\",\"inLanguage\":\"es\",\"@id\":\"https:\/\/recuperaciodedades.cat\/es\/recuperacio-dades-ssd\/#primaryimage\",\"url\":\"https:\/\/recuperaciodedades.cat\/wp-content\/uploads\/2019\/09\/ssd3.jpg\",\"contentUrl\":\"https:\/\/recuperaciodedades.cat\/wp-content\/uploads\/2019\/09\/ssd3.jpg\"},{\"@type\":\"BreadcrumbList\",\"@id\":\"https:\/\/recuperaciodedades.cat\/es\/recuperacio-dades-ssd\/#breadcrumb\",\"itemListElement\":[{\"@type\":\"ListItem\",\"position\":1,\"name\":\"Home\",\"item\":\"https:\/\/recuperaciodedades.cat\/es\/\"},{\"@type\":\"ListItem\",\"position\":2,\"name\":\"SSDs\"}]},{\"@type\":\"WebSite\",\"@id\":\"https:\/\/recuperaciodedades.cat\/es\/#website\",\"url\":\"https:\/\/recuperaciodedades.cat\/es\/\",\"name\":\"Recuperaci\u00f3 de Dades\",\"description\":\"\",\"publisher\":{\"@id\":\"https:\/\/recuperaciodedades.cat\/es\/#organization\"},\"potentialAction\":[{\"@type\":\"SearchAction\",\"target\":{\"@type\":\"EntryPoint\",\"urlTemplate\":\"https:\/\/recuperaciodedades.cat\/es\/?s={search_term_string}\"},\"query-input\":{\"@type\":\"PropertyValueSpecification\",\"valueRequired\":true,\"valueName\":\"search_term_string\"}}],\"inLanguage\":\"es\"},{\"@type\":\"Organization\",\"@id\":\"https:\/\/recuperaciodedades.cat\/es\/#organization\",\"name\":\"Recuperaci\u00f3 de Dades\",\"url\":\"https:\/\/recuperaciodedades.cat\/es\/\",\"logo\":{\"@type\":\"ImageObject\",\"inLanguage\":\"es\",\"@id\":\"https:\/\/recuperaciodedades.cat\/es\/#\/schema\/logo\/image\/\",\"url\":\"https:\/\/recuperaciodedades.cat\/wp-content\/uploads\/2019\/09\/Logo-Rec-dedades.png\",\"contentUrl\":\"https:\/\/recuperaciodedades.cat\/wp-content\/uploads\/2019\/09\/Logo-Rec-dedades.png\",\"width\":600,\"height\":109,\"caption\":\"Recuperaci\u00f3 de Dades\"},\"image\":{\"@id\":\"https:\/\/recuperaciodedades.cat\/es\/#\/schema\/logo\/image\/\"}}]}<\/script>\n<!-- \/ Yoast SEO plugin. -->","yoast_head_json":{"title":"Recuperaci\u00f3n de datos de discos SSD en Lleida","description":"Empresa de Lleida especializada en recuperaci\u00f3n de datos de discos SSD, discos duros HDD, tarjetas de memoria, RAID y cualquier otro apoyo.","robots":{"index":"index","follow":"follow","max-snippet":"max-snippet:-1","max-image-preview":"max-image-preview:large","max-video-preview":"max-video-preview:-1"},"canonical":"https:\/\/recuperaciodedades.cat\/es\/recuperacio-dades-ssd\/","og_locale":"es_ES","og_type":"article","og_title":"Recuperaci\u00f3n de datos de discos SSD en Lleida","og_description":"Empresa de Lleida especializada en recuperaci\u00f3n de datos de discos SSD, discos duros HDD, tarjetas de memoria, RAID y cualquier otro apoyo.","og_url":"https:\/\/recuperaciodedades.cat\/es\/recuperacio-dades-ssd\/","og_site_name":"Recuperaci\u00f3 de Dades","article_modified_time":"2019-10-16T09:50:01+00:00","og_image":[{"url":"https:\/\/recuperaciodedades.cat\/wp-content\/uploads\/2019\/09\/ssd3.jpg"}],"twitter_card":"summary_large_image","twitter_misc":{"Tiempo de lectura":"2 minutos"},"schema":{"@context":"https:\/\/schema.org","@graph":[{"@type":"WebPage","@id":"https:\/\/recuperaciodedades.cat\/es\/recuperacio-dades-ssd\/","url":"https:\/\/recuperaciodedades.cat\/es\/recuperacio-dades-ssd\/","name":"Recuperaci\u00f3n de datos de discos SSD en Lleida","isPartOf":{"@id":"https:\/\/recuperaciodedades.cat\/es\/#website"},"primaryImageOfPage":{"@id":"https:\/\/recuperaciodedades.cat\/es\/recuperacio-dades-ssd\/#primaryimage"},"image":{"@id":"https:\/\/recuperaciodedades.cat\/es\/recuperacio-dades-ssd\/#primaryimage"},"thumbnailUrl":"https:\/\/recuperaciodedades.cat\/wp-content\/uploads\/2019\/09\/ssd3.jpg","datePublished":"2019-09-18T11:45:33+00:00","dateModified":"2019-10-16T09:50:01+00:00","description":"Empresa de Lleida especializada en recuperaci\u00f3n de datos de discos SSD, discos duros HDD, tarjetas de memoria, RAID y cualquier otro apoyo.","breadcrumb":{"@id":"https:\/\/recuperaciodedades.cat\/es\/recuperacio-dades-ssd\/#breadcrumb"},"inLanguage":"es","potentialAction":[{"@type":"ReadAction","target":["https:\/\/recuperaciodedades.cat\/es\/recuperacio-dades-ssd\/"]}]},{"@type":"ImageObject","inLanguage":"es","@id":"https:\/\/recuperaciodedades.cat\/es\/recuperacio-dades-ssd\/#primaryimage","url":"https:\/\/recuperaciodedades.cat\/wp-content\/uploads\/2019\/09\/ssd3.jpg","contentUrl":"https:\/\/recuperaciodedades.cat\/wp-content\/uploads\/2019\/09\/ssd3.jpg"},{"@type":"BreadcrumbList","@id":"https:\/\/recuperaciodedades.cat\/es\/recuperacio-dades-ssd\/#breadcrumb","itemListElement":[{"@type":"ListItem","position":1,"name":"Home","item":"https:\/\/recuperaciodedades.cat\/es\/"},{"@type":"ListItem","position":2,"name":"SSDs"}]},{"@type":"WebSite","@id":"https:\/\/recuperaciodedades.cat\/es\/#website","url":"https:\/\/recuperaciodedades.cat\/es\/","name":"Recuperaci\u00f3 de Dades","description":"","publisher":{"@id":"https:\/\/recuperaciodedades.cat\/es\/#organization"},"potentialAction":[{"@type":"SearchAction","target":{"@type":"EntryPoint","urlTemplate":"https:\/\/recuperaciodedades.cat\/es\/?s={search_term_string}"},"query-input":{"@type":"PropertyValueSpecification","valueRequired":true,"valueName":"search_term_string"}}],"inLanguage":"es"},{"@type":"Organization","@id":"https:\/\/recuperaciodedades.cat\/es\/#organization","name":"Recuperaci\u00f3 de Dades","url":"https:\/\/recuperaciodedades.cat\/es\/","logo":{"@type":"ImageObject","inLanguage":"es","@id":"https:\/\/recuperaciodedades.cat\/es\/#\/schema\/logo\/image\/","url":"https:\/\/recuperaciodedades.cat\/wp-content\/uploads\/2019\/09\/Logo-Rec-dedades.png","contentUrl":"https:\/\/recuperaciodedades.cat\/wp-content\/uploads\/2019\/09\/Logo-Rec-dedades.png","width":600,"height":109,"caption":"Recuperaci\u00f3 de Dades"},"image":{"@id":"https:\/\/recuperaciodedades.cat\/es\/#\/schema\/logo\/image\/"}}]}},"_links":{"self":[{"href":"https:\/\/recuperaciodedades.cat\/es\/wp-json\/wp\/v2\/pages\/1681"}],"collection":[{"href":"https:\/\/recuperaciodedades.cat\/es\/wp-json\/wp\/v2\/pages"}],"about":[{"href":"https:\/\/recuperaciodedades.cat\/es\/wp-json\/wp\/v2\/types\/page"}],"author":[{"embeddable":true,"href":"https:\/\/recuperaciodedades.cat\/es\/wp-json\/wp\/v2\/users\/5"}],"replies":[{"embeddable":true,"href":"https:\/\/recuperaciodedades.cat\/es\/wp-json\/wp\/v2\/comments?post=1681"}],"version-history":[{"count":3,"href":"https:\/\/recuperaciodedades.cat\/es\/wp-json\/wp\/v2\/pages\/1681\/revisions"}],"predecessor-version":[{"id":1727,"href":"https:\/\/recuperaciodedades.cat\/es\/wp-json\/wp\/v2\/pages\/1681\/revisions\/1727"}],"wp:attachment":[{"href":"https:\/\/recuperaciodedades.cat\/es\/wp-json\/wp\/v2\/media?parent=1681"}],"curies":[{"name":"wp","href":"https:\/\/api.w.org\/{rel}","templated":true}]}}