{"id":1671,"date":"2019-09-18T13:59:39","date_gmt":"2019-09-18T11:59:39","guid":{"rendered":"https:\/\/recuperaciodedades.cat\/recuperacio-dades-pendrive-usb\/"},"modified":"2019-10-16T11:47:22","modified_gmt":"2019-10-16T09:47:22","slug":"recuperacio-dades-pendrive-usb","status":"publish","type":"page","link":"https:\/\/recuperaciodedades.cat\/es\/recuperacio-dades-pendrive-usb\/","title":{"rendered":"Pendrives USB"},"content":{"rendered":"<h2>Recuperaci\u00f3n de datos de<\/h2>\n<p><\/p>\n<h1>Pendrives USB<\/h1>\n<p>center<br \/>no-repeat;left top;;<br \/>auto<\/p>\n<p>triangle down<br \/>#0e1833<br \/>#ffffff<\/p>\n<h3>Recuperaci\u00f3n de datos de<\/h3>\n<p><\/p>\n<h1>Pendrives USB<\/h1>\n<p>center<br \/>no-repeat;left top;;<br \/>auto<\/p>\n<p>En Recuperaci\u00f3 de dades nos dedicamos a recuperar los datos de USBs.<br \/>\n<br \/>Los pendrives USB o memorias USB son dispositivos de almacenamiento extra\u00edbles basados \u200b\u200ben memoria flash. En Recuperaci\u00f3 de dades recuperamos los datos de USBs ya que son el m\u00e9todo m\u00e1s utilizado actualmente para transferir datos. Contacte con nosotros para poner sus datos a salvo.<br \/>no-repeat;left top;;<br \/>auto<\/p>\n<p><img decoding=\"async\" src=\"https:\/\/recuperaciodedades.cat\/wp-content\/uploads\/2019\/09\/usb2.jpg\" alt=\"recuperaci\u00f3 de dades lleida USB\" \/><br \/>200<\/p>\n<h3>Da\u00f1os en un USB<\/h3>\n<p>center<br \/>no-repeat;left top;;<br \/>auto<br \/>0px<\/p>\n<p>2<br \/>default<br \/>default<\/p>\n<p>Al estar basados \u200b\u200ben memoria flash, los pendrives son vulnerables a fallos electr\u00f3nicos, aunque normalmente son m\u00e1s comunes los errores l\u00f3gicos debido a borrados accidentales, virus, transferencias incorrectas de archivos e incluso la mala conexi\u00f3n del pendrive al ordenador. Sea cual sea la causa, en Recuperaci\u00f3 de dades recuperamos los datos de cualquier tipo de USB.<br \/>center<br \/>no-repeat;left top;;<br \/>auto<br \/>20px 0 0<\/p>\n<h3>Tipos de fallos que afectan a un USB<\/h3>\n<p>center<br \/>no-repeat;left top;;<br \/>auto<br \/>0px<\/p>\n<p>2<br \/>default<br \/>default<\/p>\n<p>Errores l\u00f3gicos<br \/>h4<br \/>Son los fallos de sistema de archivos o problemas de software. Recuperamos los datos de USBs por error l\u00f3gico.<br \/>fas fa-exclamation-triangle<br \/>top<br \/><a href=\"\/es\/tipus-d-errors\/#logics\">\/es\/tipus-d-errors\/#logics<\/a><\/p>\n<p>Errores electr\u00f3nicos<br \/>h4<br \/>Son los que provocan cortocircuitos u otros da\u00f1os en la placa controladora. Recuperamos los datos de USBs por error electr\u00f3nico.<br \/>fas fa-bolt<br \/>top<br \/><a href=\"\/es\/tipus-d-errors\/#electronics\">\/es\/tipus-d-errors\/#electronics<\/a><\/p>\n<p>M\u00e1s informaci\u00f3n sobre los errores<br \/><a href=\"\/es\/tipus-d-errors\/\">\/es\/tipus-d-errors\/<\/a><br \/>center<br \/>left<br \/>#ffffff<br \/>4<\/p>\n<h2>Servicio de recuperaci\u00f3n de datos<\/h2>\n<p>center<br \/>no-repeat;left top;;<br \/>auto<br \/>0px<\/p>\n<p>5<br \/>default<br \/>default<\/p>\n<p>Diagn\u00f3stico en 24-48h, recuperaci\u00f3n en 5-7 d\u00edas y env\u00edos gratuitos.<br \/>center<br \/>no-repeat;left top;;<br \/>auto<br \/>20px 0 0<\/p>\n<p>M\u00e1s informaci\u00f3n<br \/><a href=\"\/es\/servei-recuperacio-dades\/\">\/es\/servei-recuperacio-dades\/<\/a><br \/>center<br \/>left<br \/>#dddddd<br \/>#2e6bc2<br \/>4<\/p>\n<h2>Servicio de recuperaci\u00f3n de datos<\/h2>\n<p>center<br \/>no-repeat;left top;;<br \/>auto<br \/>0px<\/p>\n<p>5<br \/>default<br \/>default<\/p>\n<p>Diagn\u00f3stico en 24-48h, recuperaci\u00f3n en 5-7 d\u00edas y env\u00edos gratuitos.<br \/>center<br \/>no-repeat;left top;;<br \/>auto<br \/>20px 0 0<\/p>\n<p>M\u00e1s informaci\u00f3n<br \/><a href=\"\/es\/servei-recuperacio-dades\/\">\/es\/servei-recuperacio-dades\/<\/a><br \/>center<br \/>left<br \/>#dddddd<br \/>#2e6bc2<br \/>4<\/p>\n<p>Contact Form<\/p>\n<h3>Pida informaci\u00f3n<\/h3>\n<p><p class=\"wpcf7-contact-form-not-found\"><strong>Error:<\/strong> Formulario de contacto no encontrado.<\/p><br \/>center<br \/>no-repeat;left top;;<br \/>auto<br \/>0 15%<\/p>\n<p>Quiz\u00e1s estabas buscando:Recuperaci\u00f3n de datos pendrives USB Lleida, como recuperar datos de USB, recuperar informaci\u00f3n del USB, restaurar datos de USB estropeado, empresa de recuperaci\u00f3n de datos Lleida, recuperar los datos del pendrive, como recuperar los datos del USB.<\/p>\n","protected":false},"excerpt":{"rendered":"<p>Recuperaci\u00f3n de datos de Pendrives USB centerno-repeat;left top;;auto triangle down#0e1833#ffffff Recuperaci\u00f3n de datos de Pendrives<span class=\"excerpt-hellip\"> [\u2026]<\/span><\/p>\n","protected":false},"author":5,"featured_media":0,"parent":0,"menu_order":0,"comment_status":"closed","ping_status":"closed","template":"","meta":{"footnotes":""},"class_list":["post-1671","page","type-page","status-publish","hentry"],"yoast_head":"<!-- This site is optimized with the Yoast SEO plugin v23.7 - https:\/\/yoast.com\/wordpress\/plugins\/seo\/ -->\n<title>Recuperaci\u00f3n de datos de pendrives USB en Lleida<\/title>\n<meta name=\"description\" content=\"Empresa de Lleida especializada en recuperaci\u00f3n de datos de pendrives USB, discos duros HDD, SSD, tarjetas de memoria, RAID y cualquier otro apoyo.\" \/>\n<meta name=\"robots\" content=\"index, follow, max-snippet:-1, max-image-preview:large, max-video-preview:-1\" \/>\n<link rel=\"canonical\" href=\"https:\/\/recuperaciodedades.cat\/es\/recuperacio-dades-pendrive-usb\/\" \/>\n<meta property=\"og:locale\" content=\"es_ES\" \/>\n<meta property=\"og:type\" content=\"article\" \/>\n<meta property=\"og:title\" content=\"Recuperaci\u00f3n de datos de pendrives USB en Lleida\" \/>\n<meta property=\"og:description\" content=\"Empresa de Lleida especializada en recuperaci\u00f3n de datos de pendrives USB, discos duros HDD, SSD, tarjetas de memoria, RAID y cualquier otro apoyo.\" \/>\n<meta property=\"og:url\" content=\"https:\/\/recuperaciodedades.cat\/es\/recuperacio-dades-pendrive-usb\/\" \/>\n<meta property=\"og:site_name\" content=\"Recuperaci\u00f3 de Dades\" \/>\n<meta property=\"article:modified_time\" content=\"2019-10-16T09:47:22+00:00\" \/>\n<meta property=\"og:image\" content=\"https:\/\/recuperaciodedades.cat\/wp-content\/uploads\/2019\/09\/usb2.jpg\" \/>\n<meta name=\"twitter:card\" content=\"summary_large_image\" \/>\n<meta name=\"twitter:label1\" content=\"Tiempo de lectura\" \/>\n\t<meta name=\"twitter:data1\" content=\"2 minutos\" \/>\n<script type=\"application\/ld+json\" class=\"yoast-schema-graph\">{\"@context\":\"https:\/\/schema.org\",\"@graph\":[{\"@type\":\"WebPage\",\"@id\":\"https:\/\/recuperaciodedades.cat\/es\/recuperacio-dades-pendrive-usb\/\",\"url\":\"https:\/\/recuperaciodedades.cat\/es\/recuperacio-dades-pendrive-usb\/\",\"name\":\"Recuperaci\u00f3n de datos de pendrives USB en Lleida\",\"isPartOf\":{\"@id\":\"https:\/\/recuperaciodedades.cat\/es\/#website\"},\"primaryImageOfPage\":{\"@id\":\"https:\/\/recuperaciodedades.cat\/es\/recuperacio-dades-pendrive-usb\/#primaryimage\"},\"image\":{\"@id\":\"https:\/\/recuperaciodedades.cat\/es\/recuperacio-dades-pendrive-usb\/#primaryimage\"},\"thumbnailUrl\":\"https:\/\/recuperaciodedades.cat\/wp-content\/uploads\/2019\/09\/usb2.jpg\",\"datePublished\":\"2019-09-18T11:59:39+00:00\",\"dateModified\":\"2019-10-16T09:47:22+00:00\",\"description\":\"Empresa de Lleida especializada en recuperaci\u00f3n de datos de pendrives USB, discos duros HDD, SSD, tarjetas de memoria, RAID y cualquier otro apoyo.\",\"breadcrumb\":{\"@id\":\"https:\/\/recuperaciodedades.cat\/es\/recuperacio-dades-pendrive-usb\/#breadcrumb\"},\"inLanguage\":\"es\",\"potentialAction\":[{\"@type\":\"ReadAction\",\"target\":[\"https:\/\/recuperaciodedades.cat\/es\/recuperacio-dades-pendrive-usb\/\"]}]},{\"@type\":\"ImageObject\",\"inLanguage\":\"es\",\"@id\":\"https:\/\/recuperaciodedades.cat\/es\/recuperacio-dades-pendrive-usb\/#primaryimage\",\"url\":\"https:\/\/recuperaciodedades.cat\/wp-content\/uploads\/2019\/09\/usb2.jpg\",\"contentUrl\":\"https:\/\/recuperaciodedades.cat\/wp-content\/uploads\/2019\/09\/usb2.jpg\"},{\"@type\":\"BreadcrumbList\",\"@id\":\"https:\/\/recuperaciodedades.cat\/es\/recuperacio-dades-pendrive-usb\/#breadcrumb\",\"itemListElement\":[{\"@type\":\"ListItem\",\"position\":1,\"name\":\"Home\",\"item\":\"https:\/\/recuperaciodedades.cat\/es\/\"},{\"@type\":\"ListItem\",\"position\":2,\"name\":\"Pendrives USB\"}]},{\"@type\":\"WebSite\",\"@id\":\"https:\/\/recuperaciodedades.cat\/es\/#website\",\"url\":\"https:\/\/recuperaciodedades.cat\/es\/\",\"name\":\"Recuperaci\u00f3 de Dades\",\"description\":\"\",\"publisher\":{\"@id\":\"https:\/\/recuperaciodedades.cat\/es\/#organization\"},\"potentialAction\":[{\"@type\":\"SearchAction\",\"target\":{\"@type\":\"EntryPoint\",\"urlTemplate\":\"https:\/\/recuperaciodedades.cat\/es\/?s={search_term_string}\"},\"query-input\":{\"@type\":\"PropertyValueSpecification\",\"valueRequired\":true,\"valueName\":\"search_term_string\"}}],\"inLanguage\":\"es\"},{\"@type\":\"Organization\",\"@id\":\"https:\/\/recuperaciodedades.cat\/es\/#organization\",\"name\":\"Recuperaci\u00f3 de Dades\",\"url\":\"https:\/\/recuperaciodedades.cat\/es\/\",\"logo\":{\"@type\":\"ImageObject\",\"inLanguage\":\"es\",\"@id\":\"https:\/\/recuperaciodedades.cat\/es\/#\/schema\/logo\/image\/\",\"url\":\"https:\/\/recuperaciodedades.cat\/wp-content\/uploads\/2019\/09\/Logo-Rec-dedades.png\",\"contentUrl\":\"https:\/\/recuperaciodedades.cat\/wp-content\/uploads\/2019\/09\/Logo-Rec-dedades.png\",\"width\":600,\"height\":109,\"caption\":\"Recuperaci\u00f3 de Dades\"},\"image\":{\"@id\":\"https:\/\/recuperaciodedades.cat\/es\/#\/schema\/logo\/image\/\"}}]}<\/script>\n<!-- \/ Yoast SEO plugin. -->","yoast_head_json":{"title":"Recuperaci\u00f3n de datos de pendrives USB en Lleida","description":"Empresa de Lleida especializada en recuperaci\u00f3n de datos de pendrives USB, discos duros HDD, SSD, tarjetas de memoria, RAID y cualquier otro apoyo.","robots":{"index":"index","follow":"follow","max-snippet":"max-snippet:-1","max-image-preview":"max-image-preview:large","max-video-preview":"max-video-preview:-1"},"canonical":"https:\/\/recuperaciodedades.cat\/es\/recuperacio-dades-pendrive-usb\/","og_locale":"es_ES","og_type":"article","og_title":"Recuperaci\u00f3n de datos de pendrives USB en Lleida","og_description":"Empresa de Lleida especializada en recuperaci\u00f3n de datos de pendrives USB, discos duros HDD, SSD, tarjetas de memoria, RAID y cualquier otro apoyo.","og_url":"https:\/\/recuperaciodedades.cat\/es\/recuperacio-dades-pendrive-usb\/","og_site_name":"Recuperaci\u00f3 de Dades","article_modified_time":"2019-10-16T09:47:22+00:00","og_image":[{"url":"https:\/\/recuperaciodedades.cat\/wp-content\/uploads\/2019\/09\/usb2.jpg"}],"twitter_card":"summary_large_image","twitter_misc":{"Tiempo de lectura":"2 minutos"},"schema":{"@context":"https:\/\/schema.org","@graph":[{"@type":"WebPage","@id":"https:\/\/recuperaciodedades.cat\/es\/recuperacio-dades-pendrive-usb\/","url":"https:\/\/recuperaciodedades.cat\/es\/recuperacio-dades-pendrive-usb\/","name":"Recuperaci\u00f3n de datos de pendrives USB en Lleida","isPartOf":{"@id":"https:\/\/recuperaciodedades.cat\/es\/#website"},"primaryImageOfPage":{"@id":"https:\/\/recuperaciodedades.cat\/es\/recuperacio-dades-pendrive-usb\/#primaryimage"},"image":{"@id":"https:\/\/recuperaciodedades.cat\/es\/recuperacio-dades-pendrive-usb\/#primaryimage"},"thumbnailUrl":"https:\/\/recuperaciodedades.cat\/wp-content\/uploads\/2019\/09\/usb2.jpg","datePublished":"2019-09-18T11:59:39+00:00","dateModified":"2019-10-16T09:47:22+00:00","description":"Empresa de Lleida especializada en recuperaci\u00f3n de datos de pendrives USB, discos duros HDD, SSD, tarjetas de memoria, RAID y cualquier otro apoyo.","breadcrumb":{"@id":"https:\/\/recuperaciodedades.cat\/es\/recuperacio-dades-pendrive-usb\/#breadcrumb"},"inLanguage":"es","potentialAction":[{"@type":"ReadAction","target":["https:\/\/recuperaciodedades.cat\/es\/recuperacio-dades-pendrive-usb\/"]}]},{"@type":"ImageObject","inLanguage":"es","@id":"https:\/\/recuperaciodedades.cat\/es\/recuperacio-dades-pendrive-usb\/#primaryimage","url":"https:\/\/recuperaciodedades.cat\/wp-content\/uploads\/2019\/09\/usb2.jpg","contentUrl":"https:\/\/recuperaciodedades.cat\/wp-content\/uploads\/2019\/09\/usb2.jpg"},{"@type":"BreadcrumbList","@id":"https:\/\/recuperaciodedades.cat\/es\/recuperacio-dades-pendrive-usb\/#breadcrumb","itemListElement":[{"@type":"ListItem","position":1,"name":"Home","item":"https:\/\/recuperaciodedades.cat\/es\/"},{"@type":"ListItem","position":2,"name":"Pendrives USB"}]},{"@type":"WebSite","@id":"https:\/\/recuperaciodedades.cat\/es\/#website","url":"https:\/\/recuperaciodedades.cat\/es\/","name":"Recuperaci\u00f3 de Dades","description":"","publisher":{"@id":"https:\/\/recuperaciodedades.cat\/es\/#organization"},"potentialAction":[{"@type":"SearchAction","target":{"@type":"EntryPoint","urlTemplate":"https:\/\/recuperaciodedades.cat\/es\/?s={search_term_string}"},"query-input":{"@type":"PropertyValueSpecification","valueRequired":true,"valueName":"search_term_string"}}],"inLanguage":"es"},{"@type":"Organization","@id":"https:\/\/recuperaciodedades.cat\/es\/#organization","name":"Recuperaci\u00f3 de Dades","url":"https:\/\/recuperaciodedades.cat\/es\/","logo":{"@type":"ImageObject","inLanguage":"es","@id":"https:\/\/recuperaciodedades.cat\/es\/#\/schema\/logo\/image\/","url":"https:\/\/recuperaciodedades.cat\/wp-content\/uploads\/2019\/09\/Logo-Rec-dedades.png","contentUrl":"https:\/\/recuperaciodedades.cat\/wp-content\/uploads\/2019\/09\/Logo-Rec-dedades.png","width":600,"height":109,"caption":"Recuperaci\u00f3 de Dades"},"image":{"@id":"https:\/\/recuperaciodedades.cat\/es\/#\/schema\/logo\/image\/"}}]}},"_links":{"self":[{"href":"https:\/\/recuperaciodedades.cat\/es\/wp-json\/wp\/v2\/pages\/1671"}],"collection":[{"href":"https:\/\/recuperaciodedades.cat\/es\/wp-json\/wp\/v2\/pages"}],"about":[{"href":"https:\/\/recuperaciodedades.cat\/es\/wp-json\/wp\/v2\/types\/page"}],"author":[{"embeddable":true,"href":"https:\/\/recuperaciodedades.cat\/es\/wp-json\/wp\/v2\/users\/5"}],"replies":[{"embeddable":true,"href":"https:\/\/recuperaciodedades.cat\/es\/wp-json\/wp\/v2\/comments?post=1671"}],"version-history":[{"count":3,"href":"https:\/\/recuperaciodedades.cat\/es\/wp-json\/wp\/v2\/pages\/1671\/revisions"}],"predecessor-version":[{"id":1734,"href":"https:\/\/recuperaciodedades.cat\/es\/wp-json\/wp\/v2\/pages\/1671\/revisions\/1734"}],"wp:attachment":[{"href":"https:\/\/recuperaciodedades.cat\/es\/wp-json\/wp\/v2\/media?parent=1671"}],"curies":[{"name":"wp","href":"https:\/\/api.w.org\/{rel}","templated":true}]}}