{"id":1660,"date":"2019-04-23T14:06:11","date_gmt":"2019-04-23T12:06:11","guid":{"rendered":"https:\/\/recuperaciodedades.cat\/politica-de-cookies\/"},"modified":"2019-10-16T16:51:05","modified_gmt":"2019-10-16T14:51:05","slug":"politica-de-cookies","status":"publish","type":"page","link":"https:\/\/recuperaciodedades.cat\/es\/politica-de-cookies\/","title":{"rendered":"Pol\u00edtica de Cookies"},"content":{"rendered":"<p>HARDNET SYSTEMS INFORMATICA PROFESIONAL SLU, a trav\u00e9s del presente documento, recoge su Pol\u00edtica de recogida y tratamiento de cookies, en cumplimiento de lo dispuesto en el art\u00edculo 22.2 de la Ley 34\/2002, de 11 de julio, de Servicios de la Sociedad de la Informaci\u00f3n y de Comercio Electr\u00f3nico (LSSICE).<\/p>\n<p>Las cookies se almacenan en el equipo terminal del usuario (ordenador o dispositivo m\u00f3vil) y recopilan informaci\u00f3n al visitar la p\u00e1gina recuperaciodedades.cat, con el fin de mejorar la usabilidad de las mismas, conocer los h\u00e1bitos o necesidades de navegaci\u00f3n de los usuarios para poder adaptarse a los mismos, as\u00ed como obtener informaci\u00f3n con fines estad\u00edsticos.<\/p>\n<p>En el caso de aquellos usuarios que ya sean clientes de HARDNET SYSTEMS INFORMATICA PROFESIONAL SLU (RECUPERACI\u00d3 DE DADES), la informaci\u00f3n recabada con las cookies servir\u00e1 tambi\u00e9n para su identificaci\u00f3n en acceder a las diferentes herramientas que HARDNET SYSTEMS INFORMATICA PROFESIONAL SLU pone a su disposici\u00f3n para la gesti\u00f3n de los servicios.<\/p>\n<p>La presente Pol\u00edtica de Cookies ser\u00e1 aplicable a aquellos usuarios que voluntariamente visitan las p\u00e1ginas web de HARDNET SYSTEMS INFORMATICA PROFESIONAL SLU, rellenen formularios de recogida de datos, acceden a las herramientas que HARDNET SYSTEMS INFORMATICA PROFESIONAL SLU pone a disposici\u00f3n de sus clientes para gestionar los sus servicios, o utilizan cualquier otro servicio presente en el sitio web que implique la comunicaci\u00f3n de datos a HARDNET SYSTEMS INFORMATICA PROFESIONAL SLU, o el acceso a datos para HARDNET SYSTEMS INFORMATICA PROFESIONAL SLU, para la prestaci\u00f3n de sus servicios.<\/p>\n<p>HARDNET SYSTEMS INFORMATICA PROFESIONAL SLU (RECUPERACI\u00d3 DE DADES) informa a los usuarios de sus p\u00e1ginas web, de la existencia de cookies y pone a su disposici\u00f3n la presente Pol\u00edtica con el fin de informarles sobre el uso y del objeto de las mismas. El hecho de continuar la navegaci\u00f3n a trav\u00e9s de sus p\u00e1ginas, supone el conocimiento y la aceptaci\u00f3n de la presente Pol\u00edtica por parte de los usuarios.<\/p>\n<p>HARDNET SYSTEMS INFORMATICA PROFESIONAL SLU utiliza los siguientes tipos de cookies:<\/p>\n<h4>Clasificadas por su titularidad:<\/h4>\n<ul>\n<li>Cookies propias: enviadas y gestionadas directamente por HARDNET SYSTEMS INFORMATICA PROFESIONAL SLU<\/li>\n<li>Cookies de terceros: enviadas y gestionadas por un tercero ajeno a HARDNET SYSTEMS INFORMATICA PROFESIONAL SLU, de forma an\u00f3nima, con el fin de realizar estudios estad\u00edsticos de navegaci\u00f3n por las p\u00e1ginas web de HARDNET SYSTEMS INFORMATICA PROFESIONAL SLU<\/li>\n<\/ul>\n<h4>Clasificadas por su finalidad:<\/h4>\n<ul>\n<li>Cookies t\u00e9cnicas y \/ o de personalizaci\u00f3n: facilitan la navegaci\u00f3n, al identificar la sesi\u00f3n, permitir el acceso a herramientas de acceso restringido, adem\u00e1s de configurar a medida las opciones disponibles. Posibilitan la prestaci\u00f3n del servicio solicitado previamente por el usuario.<\/li>\n<li>Cookies de an\u00e1lisis y \/ o publicidad: permiten conocer el n\u00famero de visitas recibidas en las diferentes secciones de las p\u00e1ginas web, los h\u00e1bitos y tendencias de sus usuarios y en consecuencia, poder mejorar la navegaci\u00f3n y el servicio ofrecido por HARDNET SYSTEMS INFORMATICA PROFESIONAL SLU (fundamentalmente, Google Analytics), as\u00ed como gestionar los espacios publicitarios incluidos en la p\u00e1gina web visitada por el usuario. Recopila datos de forma an\u00f3nima con el fin de obtener perfiles de navegaci\u00f3n de los usuarios.<\/li>\n<\/ul>\n<h4>Clasificadas por su duraci\u00f3n:<\/h4>\n<ul>\n<li>Cookies de sesi\u00f3n: recaudan y almacenan los datos mientras el usuario accede a la p\u00e1gina web.<\/li>\n<li>Cookies persistentes: recaudan y almacenan los datos en el terminal del usuario durante un per\u00edodo.<\/li>\n<\/ul>\n<p>El tiempo de conservaci\u00f3n de las cookies depender\u00e1 del tipo de que se trate y siempre ser\u00e1 el m\u00ednimo indispensable para cumplir su finalidad. En cualquier caso, los usuarios pueden configurar su navegador, por lo que se deshabilite o bloquee la recepci\u00f3n de todas o algunas de las cookies. El hecho de no desear recibir estas cookies, no constituye un impedimento para poder acceder a la informaci\u00f3n de los sitios web de HARDNET SYSTEMS INFORMATICA PROFESIONAL SLU aunque el uso de algunos servicios podr\u00e1 ser limitado. Si una vez otorgado el consentimiento para la recepci\u00f3n de cookies, se deseara retirar este, deber\u00e1n eliminarse aquellas almacenadas en el equipo del usuario, a trav\u00e9s de las opciones de los diferentes navegadores. La forma de configurar los diferentes navegadores para ejercitar las acciones se\u00f1aladas en los p\u00e1rrafos anteriores, se puede consultar en:<\/p>\n<ul>\n<li style=\"list-style-type: none;\">\n<ul>\n<li><strong>Microsoft Edge:<\/strong>\u00a0<a href=\"https:\/\/support.microsoft.com\/es-es\/help\/4468242\/microsoft-edge-browsing-data-and-privacy-microsoft-privacy\">https:\/\/support.microsoft.com\/es-es\/help\/4468242\/microsoft-edge-browsing-data-and-privacy-microsoft-privacy<\/a><\/li>\n<li><strong>Google Chrome:\u00a0<\/strong><a href=\"https:\/\/support.google.com\/chrome\/answer\/95647?hl=es\">https:\/\/support.google.com\/chrome\/answer\/95647?hl=es<\/a><\/li>\n<li><strong>Mozilla Firefox:<\/strong>\u00a0<a href=\"https:\/\/support.mozilla.org\/es\/kb\/cookies-informacion-que-los-sitios-web-guardan-en-\">https:\/\/support.mozilla.org\/es\/kb\/cookies-informacion-que-los-sitios-web-guardan-en-<\/a><\/li>\n<\/ul>\n<\/li>\n<\/ul>\n","protected":false},"excerpt":{"rendered":"<p>HARDNET SYSTEMS INFORMATICA PROFESIONAL SLU, a trav\u00e9s del presente documento, recoge su Pol\u00edtica de recogida<span class=\"excerpt-hellip\"> [\u2026]<\/span><\/p>\n","protected":false},"author":2,"featured_media":0,"parent":0,"menu_order":103,"comment_status":"closed","ping_status":"closed","template":"","meta":{"footnotes":""},"class_list":["post-1660","page","type-page","status-publish","hentry"],"yoast_head":"<!-- This site is optimized with the Yoast SEO plugin v23.7 - https:\/\/yoast.com\/wordpress\/plugins\/seo\/ -->\n<title>Pol\u00edtica de Cookies - Recuperaci\u00f3n de datos en Lleida<\/title>\n<meta name=\"robots\" content=\"noindex, follow\" \/>\n<meta property=\"og:locale\" content=\"es_ES\" \/>\n<meta property=\"og:type\" content=\"article\" \/>\n<meta property=\"og:title\" content=\"Pol\u00edtica de Cookies - Recuperaci\u00f3n de datos en Lleida\" \/>\n<meta property=\"og:description\" content=\"HARDNET SYSTEMS INFORMATICA PROFESIONAL SLU, a trav\u00e9s del presente documento, recoge su Pol\u00edtica de recogida [\u2026]\" \/>\n<meta property=\"og:url\" content=\"https:\/\/recuperaciodedades.cat\/es\/politica-de-cookies\/\" \/>\n<meta property=\"og:site_name\" content=\"Recuperaci\u00f3 de Dades\" \/>\n<meta property=\"article:modified_time\" content=\"2019-10-16T14:51:05+00:00\" \/>\n<meta name=\"twitter:card\" content=\"summary_large_image\" \/>\n<meta name=\"twitter:label1\" content=\"Tiempo de lectura\" \/>\n\t<meta name=\"twitter:data1\" content=\"4 minutos\" \/>\n<script type=\"application\/ld+json\" class=\"yoast-schema-graph\">{\"@context\":\"https:\/\/schema.org\",\"@graph\":[{\"@type\":\"WebPage\",\"@id\":\"https:\/\/recuperaciodedades.cat\/es\/politica-de-cookies\/\",\"url\":\"https:\/\/recuperaciodedades.cat\/es\/politica-de-cookies\/\",\"name\":\"Pol\u00edtica de Cookies - Recuperaci\u00f3n de datos en Lleida\",\"isPartOf\":{\"@id\":\"https:\/\/recuperaciodedades.cat\/es\/#website\"},\"datePublished\":\"2019-04-23T12:06:11+00:00\",\"dateModified\":\"2019-10-16T14:51:05+00:00\",\"breadcrumb\":{\"@id\":\"https:\/\/recuperaciodedades.cat\/es\/politica-de-cookies\/#breadcrumb\"},\"inLanguage\":\"es\",\"potentialAction\":[{\"@type\":\"ReadAction\",\"target\":[\"https:\/\/recuperaciodedades.cat\/es\/politica-de-cookies\/\"]}]},{\"@type\":\"BreadcrumbList\",\"@id\":\"https:\/\/recuperaciodedades.cat\/es\/politica-de-cookies\/#breadcrumb\",\"itemListElement\":[{\"@type\":\"ListItem\",\"position\":1,\"name\":\"Home\",\"item\":\"https:\/\/recuperaciodedades.cat\/es\/\"},{\"@type\":\"ListItem\",\"position\":2,\"name\":\"Pol\u00edtica de Cookies\"}]},{\"@type\":\"WebSite\",\"@id\":\"https:\/\/recuperaciodedades.cat\/es\/#website\",\"url\":\"https:\/\/recuperaciodedades.cat\/es\/\",\"name\":\"Recuperaci\u00f3 de Dades\",\"description\":\"\",\"publisher\":{\"@id\":\"https:\/\/recuperaciodedades.cat\/es\/#organization\"},\"potentialAction\":[{\"@type\":\"SearchAction\",\"target\":{\"@type\":\"EntryPoint\",\"urlTemplate\":\"https:\/\/recuperaciodedades.cat\/es\/?s={search_term_string}\"},\"query-input\":{\"@type\":\"PropertyValueSpecification\",\"valueRequired\":true,\"valueName\":\"search_term_string\"}}],\"inLanguage\":\"es\"},{\"@type\":\"Organization\",\"@id\":\"https:\/\/recuperaciodedades.cat\/es\/#organization\",\"name\":\"Recuperaci\u00f3 de Dades\",\"url\":\"https:\/\/recuperaciodedades.cat\/es\/\",\"logo\":{\"@type\":\"ImageObject\",\"inLanguage\":\"es\",\"@id\":\"https:\/\/recuperaciodedades.cat\/es\/#\/schema\/logo\/image\/\",\"url\":\"https:\/\/recuperaciodedades.cat\/wp-content\/uploads\/2019\/09\/Logo-Rec-dedades.png\",\"contentUrl\":\"https:\/\/recuperaciodedades.cat\/wp-content\/uploads\/2019\/09\/Logo-Rec-dedades.png\",\"width\":600,\"height\":109,\"caption\":\"Recuperaci\u00f3 de Dades\"},\"image\":{\"@id\":\"https:\/\/recuperaciodedades.cat\/es\/#\/schema\/logo\/image\/\"}}]}<\/script>\n<!-- \/ Yoast SEO plugin. -->","yoast_head_json":{"title":"Pol\u00edtica de Cookies - Recuperaci\u00f3n de datos en Lleida","robots":{"index":"noindex","follow":"follow"},"og_locale":"es_ES","og_type":"article","og_title":"Pol\u00edtica de Cookies - Recuperaci\u00f3n de datos en Lleida","og_description":"HARDNET SYSTEMS INFORMATICA PROFESIONAL SLU, a trav\u00e9s del presente documento, recoge su Pol\u00edtica de recogida [\u2026]","og_url":"https:\/\/recuperaciodedades.cat\/es\/politica-de-cookies\/","og_site_name":"Recuperaci\u00f3 de Dades","article_modified_time":"2019-10-16T14:51:05+00:00","twitter_card":"summary_large_image","twitter_misc":{"Tiempo de lectura":"4 minutos"},"schema":{"@context":"https:\/\/schema.org","@graph":[{"@type":"WebPage","@id":"https:\/\/recuperaciodedades.cat\/es\/politica-de-cookies\/","url":"https:\/\/recuperaciodedades.cat\/es\/politica-de-cookies\/","name":"Pol\u00edtica de Cookies - Recuperaci\u00f3n de datos en Lleida","isPartOf":{"@id":"https:\/\/recuperaciodedades.cat\/es\/#website"},"datePublished":"2019-04-23T12:06:11+00:00","dateModified":"2019-10-16T14:51:05+00:00","breadcrumb":{"@id":"https:\/\/recuperaciodedades.cat\/es\/politica-de-cookies\/#breadcrumb"},"inLanguage":"es","potentialAction":[{"@type":"ReadAction","target":["https:\/\/recuperaciodedades.cat\/es\/politica-de-cookies\/"]}]},{"@type":"BreadcrumbList","@id":"https:\/\/recuperaciodedades.cat\/es\/politica-de-cookies\/#breadcrumb","itemListElement":[{"@type":"ListItem","position":1,"name":"Home","item":"https:\/\/recuperaciodedades.cat\/es\/"},{"@type":"ListItem","position":2,"name":"Pol\u00edtica de Cookies"}]},{"@type":"WebSite","@id":"https:\/\/recuperaciodedades.cat\/es\/#website","url":"https:\/\/recuperaciodedades.cat\/es\/","name":"Recuperaci\u00f3 de Dades","description":"","publisher":{"@id":"https:\/\/recuperaciodedades.cat\/es\/#organization"},"potentialAction":[{"@type":"SearchAction","target":{"@type":"EntryPoint","urlTemplate":"https:\/\/recuperaciodedades.cat\/es\/?s={search_term_string}"},"query-input":{"@type":"PropertyValueSpecification","valueRequired":true,"valueName":"search_term_string"}}],"inLanguage":"es"},{"@type":"Organization","@id":"https:\/\/recuperaciodedades.cat\/es\/#organization","name":"Recuperaci\u00f3 de Dades","url":"https:\/\/recuperaciodedades.cat\/es\/","logo":{"@type":"ImageObject","inLanguage":"es","@id":"https:\/\/recuperaciodedades.cat\/es\/#\/schema\/logo\/image\/","url":"https:\/\/recuperaciodedades.cat\/wp-content\/uploads\/2019\/09\/Logo-Rec-dedades.png","contentUrl":"https:\/\/recuperaciodedades.cat\/wp-content\/uploads\/2019\/09\/Logo-Rec-dedades.png","width":600,"height":109,"caption":"Recuperaci\u00f3 de Dades"},"image":{"@id":"https:\/\/recuperaciodedades.cat\/es\/#\/schema\/logo\/image\/"}}]}},"_links":{"self":[{"href":"https:\/\/recuperaciodedades.cat\/es\/wp-json\/wp\/v2\/pages\/1660"}],"collection":[{"href":"https:\/\/recuperaciodedades.cat\/es\/wp-json\/wp\/v2\/pages"}],"about":[{"href":"https:\/\/recuperaciodedades.cat\/es\/wp-json\/wp\/v2\/types\/page"}],"author":[{"embeddable":true,"href":"https:\/\/recuperaciodedades.cat\/es\/wp-json\/wp\/v2\/users\/2"}],"replies":[{"embeddable":true,"href":"https:\/\/recuperaciodedades.cat\/es\/wp-json\/wp\/v2\/comments?post=1660"}],"version-history":[{"count":2,"href":"https:\/\/recuperaciodedades.cat\/es\/wp-json\/wp\/v2\/pages\/1660\/revisions"}],"predecessor-version":[{"id":1662,"href":"https:\/\/recuperaciodedades.cat\/es\/wp-json\/wp\/v2\/pages\/1660\/revisions\/1662"}],"wp:attachment":[{"href":"https:\/\/recuperaciodedades.cat\/es\/wp-json\/wp\/v2\/media?parent=1660"}],"curies":[{"name":"wp","href":"https:\/\/api.w.org\/{rel}","templated":true}]}}