{"id":1652,"date":"2019-07-15T11:04:37","date_gmt":"2019-07-15T09:04:37","guid":{"rendered":"https:\/\/recuperaciodedades.cat\/politica-de-privacitat\/"},"modified":"2019-10-16T16:52:19","modified_gmt":"2019-10-16T14:52:19","slug":"politica-de-privacitat","status":"publish","type":"page","link":"https:\/\/recuperaciodedades.cat\/es\/politica-de-privacitat\/","title":{"rendered":"Pol\u00edtica de Privacidad"},"content":{"rendered":"<h3>Objeto<\/h3>\n<p>A HARDNET SYSTEMS INFORMATICA PROFESIONAL SLU (en adelante RECUPERACI\u00d3 DE DADES) trabajamos para garantizar la privacidad en el tratamiento de sus datos personales. En este sentido, hemos actualizado nuestra pol\u00edtica de privacidad con el fin de informar claramente de c\u00f3mo recopilamos, utilizamos y custodiamos los datos de las personas que contactan con nosotros.<\/p>\n<h3>Qui\u00e9n es el responsable del tratamiento de sus datos?<\/h3>\n<p>El interesado \/ a que facilite a RECUPERACI\u00d3 DE DADES datos de car\u00e1cter personal a trav\u00e9s de esta plataforma o por cualquier otra v\u00eda, queda informado de que el tratamiento de sus datos es realizado por:<\/p>\n<p style=\"padding-left: 40px;\"><strong>HARDNET SYSTEMS INFORMATICA PROFESIONAL SLU<br \/>\n<\/strong>CIF B25506080f<br \/>\nBar\u00f3 de Maials, 11 bajos<br \/>\n25005\u2013 LLEIDA (LLEIDA)<br \/>\nTel. 973044366<br \/>\ninfo@recuperaciodedades.cat<\/p>\n<p>RECUPERACI\u00d3 DE DADES, de conformidad con lo dispuesto en la normativa vigente en materia de protecci\u00f3n de datos personales, el Reglamento (UE) 2016\/679 de 27 de abril de 2016 (RGPD) relativo a la protecci\u00f3n de las personas f\u00edsicas con respecto al tratamiento de datos personales y la libre circulaci\u00f3n de estos, la Ley Org\u00e1nica 3\/2018, de 5 de diciembre, de Protecci\u00f3n de datos personales y Garant\u00eda de los Derechos Digitales (LOPD GDD) y por la Ley 34\/2002, de 11 de julio , de Servicios de la Sociedad de la Informaci\u00f3n y del Comercio Electr\u00f3nico (LSSICE), tiene implementadas todas las medidas de seguridad, de \u00edndole t\u00e9cnica y organizativas para asegurar la integridad y confidencialidad de los datos personales.<\/p>\n<h3>\u00bfCon qu\u00e9 finalidad recogemos sus datos personales?<\/h3>\n<p>A efectos de lo previsto en la LOPD RGPD, le informamos que los datos que voluntariamente nos est\u00e9 facilitando en esta plataforma ya trav\u00e9s de cualquier otra v\u00eda, ser\u00e1n incorporados a nuestros sistemas de informaci\u00f3n con el fin de realizar las gestiones comerciales y administrativas necesarias .<\/p>\n<p>Las operaciones previstas para realizar los tratamientos son las siguientes: prestarle servicios solicitados, as\u00ed como responder a sus consultas o solicitudes.<\/p>\n<p>Tambi\u00e9n podemos utilizar sus datos para ofrecerle informaci\u00f3n y ofertas sobre nuestros servicios, enviarle comunicaciones, boletines, actividades y noticias de su inter\u00e9s relacionadas con la empresa y su sector de actividad.<\/p>\n<h3>\u00bfDurante cu\u00e1nto tiempo se conservar\u00e1n sus datos?<\/h3>\n<p>Los datos se conservar\u00e1n durante todo el tiempo que el contrato o relaci\u00f3n comercial est\u00e9 vigente y la finalidad para la que se hayan obtenido y mientras no ejerza sus derechos de oposici\u00f3n y \/ o cancelaci\u00f3n indicados.<\/p>\n<p>Una vez finalizada la citada relaci\u00f3n, los datos podr\u00e1n ser conservados durante el tiempo exigido por la legislaci\u00f3n aplicable y hasta que prescriban las eventuales responsabilidades derivadas del contrato.<\/p>\n<h3>\u00bfCu\u00e1l es la legitimaci\u00f3n para el tratamiento de los datos?<\/h3>\n<p>La base legal para el tratamiento de los datos es su consentimiento otorgado en el momento de dar sus datos en el formulario correspondiente para llevar a cabo las finalidades, en el momento de marcaci\u00f3n de la casilla de verificaci\u00f3n. El no facilitar los datos personales solicitados o el no aceptar la presente pol\u00edtica de privacidad supone la imposibilidad de conseguir las finalidades anteriormente descritas.<\/p>\n<p>En los casos en que haya una relaci\u00f3n contractual entre las partes, la legitimaci\u00f3n para el desarrollo de las obligaciones derivadas de la misma ser\u00e1 la existencia de la relaci\u00f3n comercial establecida entre las partes.<\/p>\n<p>La oferta prospectiva o comercial de productos y servicios est\u00e1 basada en el consentimiento que se le solicita, sin que en ning\u00fan caso la retirada de este consentimiento condicione la ejecuci\u00f3n del contrato de suscripci\u00f3n.<\/p>\n<p>Tambi\u00e9n el tratamiento de sus datos personales para enviarle circulares informativas, comunicaciones, boletines, actividades y noticias de su inter\u00e9s relacionadas con el servicio contratado se encuentra legitimado por raz\u00f3n de la relaci\u00f3n comercial existente con RECUPERACI\u00d3 DE DADES de conformidad con lo establecido el Reglamento Europeo de Protecci\u00f3n de Datos.<\/p>\n<h3>Confidencialidad y destinatarios de los datos<\/h3>\n<p>Los datos que nos facilite se tratar\u00e1n de forma confidencial. RECUPERACI\u00d3 DE DADES ha adoptado todas las medidas de protecci\u00f3n necesarias para garantizar la seguridad en el tratamiento de los datos y evitar su alteraci\u00f3n, p\u00e9rdida, tratamiento o acceso no autorizado, habida cuenta del estado de la tecnolog\u00eda y naturaleza de los datos almacenados. Asimismo, se garantiza tambi\u00e9n que el tratamiento y registro en ficheros, programas, sistemas o equipos y centros, cumplen con los requisitos y condiciones de integridad y seguridad establecidas en la normativa vigente.<\/p>\n<p>Los datos s\u00f3lo ser\u00e1n accesibles para las personas de la empresa que lo requieran para llevar a cabo las funciones propias de su puesto de trabajo.<\/p>\n<p>RECUPERACI\u00d3 DE DADES no ceder\u00e1 los datos personales a terceros, salvo por obligaci\u00f3n legal. Sin embargo, en el caso de ser cedidos a alg\u00fan tercero se producir\u00eda una informaci\u00f3n previa solicitando el consentimiento expreso para tal cesi\u00f3n. La entidad responsable de la base de datos, as\u00ed como los que intervengan en cualquier fase del tratamiento y \/ o las entidades a las que se les haya comunicado -en todo caso siempre con la correspondiente autorizaci\u00f3n otorgada por el usuario-, est\u00e1n obligados a observar el secreto profesional y la adopci\u00f3n de los niveles de protecci\u00f3n y las medidas t\u00e9cnicas y organizativas necesarias a su alcance para garantizar la seguridad de los datos de car\u00e1cter personal, evitando, en la medida de lo posible, accesos no autorizados, modificaciones il. l\u00edcitas, sustracciones y \/ o la p\u00e9rdida de los datos, a fin de procurar el correspondiente nivel de seguridad de los ficheros del prestador, seg\u00fan la naturaleza y sensibilidad de los datos facilitados por las personas interesadas.<\/p>\n<h3>Transferencias internacionales<\/h3>\n<p>RECUPERACI\u00d3 DE DADES no tiene previsto realizar transferencias internacionales de datos a terceros pa\u00edses.<\/p>\n<h3>\u00bfCu\u00e1les son sus derechos?<\/h3>\n<p>RECUPERACI\u00d3 DE DADES garantiza que ha implementado pol\u00edticas t\u00e9cnicas y organizativas apropiadas para aplicar las medidas de seguridad que establecen el RGPD y la LOPD para proteger los derechos y libertades de las personas interesadas.<\/p>\n<p>Cualquier persona tiene derecho a solicitar al responsable del tratamiento la confirmaci\u00f3n sobre si estamos tratando los datos personales que le conciernan.<\/p>\n<p>Los interesados \u200b\u200btienen derecho a acceder a sus datos personales, as\u00ed como solicitar la rectificaci\u00f3n de los datos inexactos o, en su caso, solicitar la supresi\u00f3n cuando, entre otros motivos, los datos ya no sean necesarias para a las finalidades para las que fueron recogidos.<\/p>\n<p>En las condiciones previstas en el Reglamento General de Protecci\u00f3n de Datos, los interesados \u200b\u200bpodr\u00e1n solicitar la limitaci\u00f3n del tratamiento de sus datos, la portabilidad en un formato estructurado, de uso com\u00fan y lectura mec\u00e1nica y tambi\u00e9n, al olvido de las mismas.<\/p>\n<p>En determinadas circunstancias y por motivos relacionados con su situaci\u00f3n particular, los interesados \u200b\u200bpodr\u00e1n oponerse al tratamiento de sus datos. Si ha otorgado el consentimiento para alguna finalidad espec\u00edfica, tiene derecho a retirarlo en cualquier momento, sin que ello afecte a la licitud del tratamiento basado en el consentimiento previo a su retirada. En estos supuestos dejaremos de tratar los datos o, en su caso, dejaremos de hacerlo para esta finalidad concreta.<\/p>\n<p>Todos los derechos mencionados pueden ejercerse mediante solicitud a trav\u00e9s de los medios de contacto que figuran en el apartado \u00abRESPONSABLE\u00bb de esta pol\u00edtica de privacidad o bien a trav\u00e9s de la direcci\u00f3n info@recuperaciodedades.es<\/p>\n<p>Asimismo, le comunicamos que puede presentar una reclamaci\u00f3n directamente ante la Agencia Espa\u00f1ola de Protecci\u00f3n de datos (agpd.es) u otra autoridad de control competente. Tambi\u00e9n puede obtener m\u00e1s informaci\u00f3n sobre los derechos que le asisten dirigi\u00e9ndose a los mencionados organismos.<\/p>\n<h3>Formularios web<\/h3>\n<p>RECUPERACI\u00d3 DE DADES, informar\u00e1 de forma clara e intuitiva, los datos que ser\u00e1n obligatorias y necesarias aportar.<\/p>\n<p>Mediante la indicaci\u00f3n e introducci\u00f3n de los datos, el usuario otorga el consentimiento inequ\u00edvoco a RECUPERACI\u00d3 DE DADES, para que proceda al tratamiento de los datos facilitados por las finalidades mencionadas.<\/p>\n<p>El no facilitar los datos personales solicitados o el no aceptar la presente pol\u00edtica de protecci\u00f3n de datos supone la imposibilidad de suscribirse, registrarse o recibir informaci\u00f3n de los productos o servicios de RECUPERACI\u00d3 DE DADES<\/p>\n<p>De conformidad con lo dispuesto en las normativas vigentes en materia de protecci\u00f3n de datos personales, RECUPERACI\u00d3 DE DADES est\u00e1 cumpliendo con todas las disposiciones de las normativas RGPD y LOPD para el tratamiento de los datos personales de su responsabilidad, y manifiestamente con los principios descritos en el art. 5 del RGPD y al arte. 4 de la LOPD, los que son tratados de manera l\u00edcita, leal y transparente en relaci\u00f3n al interesado y adecuados, pertinentes y limitadas en relaci\u00f3n con la finalidad para la que son tratadas.<\/p>\n<h3>Contenidos y enlaces<\/h3>\n<p>RECUPERACI\u00d3 DE DADES se reserva el derecho a actualizar, modificar o eliminar la informaci\u00f3n contenida en sus distintas plataformas, pudiendo limitar o no permitir el acceso a la informaci\u00f3n.<\/p>\n<p>Tampoco asume ning\u00fan tipo de responsabilidad por la informaci\u00f3n contenida en las webs y plataformas de terceros a las que se pueda acceder por \u00ablinks\u00bb o enlaces desde cualquier plataforma de RECUPERACI\u00d3 DE DADES.<\/p>\n<p>La presencia de \u00ablinks\u00bb o enlaces s\u00f3lo tienen fines informativos y en ning\u00fan caso supone sugerencia, invitaci\u00f3n o reconocimiento sobre los mismos.<\/p>\n<p>Le informamos igualmente, que las fotograf\u00edas que est\u00e9n colgadas en cualquier plataforma son propiedad de RECUPERACI\u00d3 DE DADES.<\/p>\n<h3>Cambios a la Pol\u00edtica de Privacidad<\/h3>\n<p>RECUPERACI\u00d3 DE DADES se reserva el derecho a modificar la presente pol\u00edtica para adaptarla a novedades legislativas o jurisprudenciales.<\/p>\n<h3>Correos comerciales<\/h3>\n<p>De acuerdo con la LSSICE, RECUPERACI\u00d3 DE DADES no realiza pr\u00e1cticas de SPAM, por lo tanto, no env\u00eda correos comerciales por correo electr\u00f3nico que no hayan sido previamente autorizados por el afectado o que resulten de tener contratado alg\u00fan servicio. En consecuencia, en cualquiera de los formularios que puedan aparecer en este sitio web y otras plataformas, el usuario tiene la posibilidad de dar su consentimiento expreso para recibir informaci\u00f3n de RECUPERACI\u00d3 DE DADES, con independencia de la informaci\u00f3n comercial puntualmente solicitada.<\/p>\n<h3>Legislaci\u00f3n<\/h3>\n<p>Con car\u00e1cter general, las relaciones entre RECUPERACI\u00d3 DE DADES con los usuarios de cualquiera de sus servicios telem\u00e1ticos, est\u00e1n sometidos a la legislaci\u00f3n y jurisdicci\u00f3n espa\u00f1olas a la que se someten expresamente las partes, siendo competentes para la resoluci\u00f3n de todos los conflictos derivados o relacionados con el su uso los Juzgados y Tribunales de Lleida.<\/p>\n","protected":false},"excerpt":{"rendered":"<p>Objeto A HARDNET SYSTEMS INFORMATICA PROFESIONAL SLU (en adelante RECUPERACI\u00d3 DE DADES) trabajamos para garantizar<span class=\"excerpt-hellip\"> [\u2026]<\/span><\/p>\n","protected":false},"author":5,"featured_media":0,"parent":0,"menu_order":0,"comment_status":"closed","ping_status":"closed","template":"","meta":{"footnotes":""},"class_list":["post-1652","page","type-page","status-publish","hentry"],"yoast_head":"<!-- This site is optimized with the Yoast SEO plugin v23.7 - https:\/\/yoast.com\/wordpress\/plugins\/seo\/ -->\n<title>Pol\u00edtica de Privacidad - Recuperaci\u00f3n de datos en Lleida<\/title>\n<meta name=\"robots\" content=\"noindex, follow\" \/>\n<meta property=\"og:locale\" content=\"es_ES\" \/>\n<meta property=\"og:type\" content=\"article\" \/>\n<meta property=\"og:title\" content=\"Pol\u00edtica de Privacidad - Recuperaci\u00f3n de datos en Lleida\" \/>\n<meta property=\"og:description\" content=\"Objeto A HARDNET SYSTEMS INFORMATICA PROFESIONAL SLU (en adelante RECUPERACI\u00d3 DE DADES) trabajamos para garantizar [\u2026]\" \/>\n<meta property=\"og:url\" content=\"https:\/\/recuperaciodedades.cat\/es\/politica-de-privacitat\/\" \/>\n<meta property=\"og:site_name\" content=\"Recuperaci\u00f3 de Dades\" \/>\n<meta property=\"article:modified_time\" content=\"2019-10-16T14:52:19+00:00\" \/>\n<meta name=\"twitter:card\" content=\"summary_large_image\" \/>\n<meta name=\"twitter:label1\" content=\"Tiempo de lectura\" \/>\n\t<meta name=\"twitter:data1\" content=\"9 minutos\" \/>\n<script type=\"application\/ld+json\" class=\"yoast-schema-graph\">{\"@context\":\"https:\/\/schema.org\",\"@graph\":[{\"@type\":\"WebPage\",\"@id\":\"https:\/\/recuperaciodedades.cat\/es\/politica-de-privacitat\/\",\"url\":\"https:\/\/recuperaciodedades.cat\/es\/politica-de-privacitat\/\",\"name\":\"Pol\u00edtica de Privacidad - Recuperaci\u00f3n de datos en Lleida\",\"isPartOf\":{\"@id\":\"https:\/\/recuperaciodedades.cat\/es\/#website\"},\"datePublished\":\"2019-07-15T09:04:37+00:00\",\"dateModified\":\"2019-10-16T14:52:19+00:00\",\"breadcrumb\":{\"@id\":\"https:\/\/recuperaciodedades.cat\/es\/politica-de-privacitat\/#breadcrumb\"},\"inLanguage\":\"es\",\"potentialAction\":[{\"@type\":\"ReadAction\",\"target\":[\"https:\/\/recuperaciodedades.cat\/es\/politica-de-privacitat\/\"]}]},{\"@type\":\"BreadcrumbList\",\"@id\":\"https:\/\/recuperaciodedades.cat\/es\/politica-de-privacitat\/#breadcrumb\",\"itemListElement\":[{\"@type\":\"ListItem\",\"position\":1,\"name\":\"Home\",\"item\":\"https:\/\/recuperaciodedades.cat\/es\/\"},{\"@type\":\"ListItem\",\"position\":2,\"name\":\"Pol\u00edtica de Privacidad\"}]},{\"@type\":\"WebSite\",\"@id\":\"https:\/\/recuperaciodedades.cat\/es\/#website\",\"url\":\"https:\/\/recuperaciodedades.cat\/es\/\",\"name\":\"Recuperaci\u00f3 de Dades\",\"description\":\"\",\"publisher\":{\"@id\":\"https:\/\/recuperaciodedades.cat\/es\/#organization\"},\"potentialAction\":[{\"@type\":\"SearchAction\",\"target\":{\"@type\":\"EntryPoint\",\"urlTemplate\":\"https:\/\/recuperaciodedades.cat\/es\/?s={search_term_string}\"},\"query-input\":{\"@type\":\"PropertyValueSpecification\",\"valueRequired\":true,\"valueName\":\"search_term_string\"}}],\"inLanguage\":\"es\"},{\"@type\":\"Organization\",\"@id\":\"https:\/\/recuperaciodedades.cat\/es\/#organization\",\"name\":\"Recuperaci\u00f3 de Dades\",\"url\":\"https:\/\/recuperaciodedades.cat\/es\/\",\"logo\":{\"@type\":\"ImageObject\",\"inLanguage\":\"es\",\"@id\":\"https:\/\/recuperaciodedades.cat\/es\/#\/schema\/logo\/image\/\",\"url\":\"https:\/\/recuperaciodedades.cat\/wp-content\/uploads\/2019\/09\/Logo-Rec-dedades.png\",\"contentUrl\":\"https:\/\/recuperaciodedades.cat\/wp-content\/uploads\/2019\/09\/Logo-Rec-dedades.png\",\"width\":600,\"height\":109,\"caption\":\"Recuperaci\u00f3 de Dades\"},\"image\":{\"@id\":\"https:\/\/recuperaciodedades.cat\/es\/#\/schema\/logo\/image\/\"}}]}<\/script>\n<!-- \/ Yoast SEO plugin. -->","yoast_head_json":{"title":"Pol\u00edtica de Privacidad - Recuperaci\u00f3n de datos en Lleida","robots":{"index":"noindex","follow":"follow"},"og_locale":"es_ES","og_type":"article","og_title":"Pol\u00edtica de Privacidad - Recuperaci\u00f3n de datos en Lleida","og_description":"Objeto A HARDNET SYSTEMS INFORMATICA PROFESIONAL SLU (en adelante RECUPERACI\u00d3 DE DADES) trabajamos para garantizar [\u2026]","og_url":"https:\/\/recuperaciodedades.cat\/es\/politica-de-privacitat\/","og_site_name":"Recuperaci\u00f3 de Dades","article_modified_time":"2019-10-16T14:52:19+00:00","twitter_card":"summary_large_image","twitter_misc":{"Tiempo de lectura":"9 minutos"},"schema":{"@context":"https:\/\/schema.org","@graph":[{"@type":"WebPage","@id":"https:\/\/recuperaciodedades.cat\/es\/politica-de-privacitat\/","url":"https:\/\/recuperaciodedades.cat\/es\/politica-de-privacitat\/","name":"Pol\u00edtica de Privacidad - Recuperaci\u00f3n de datos en Lleida","isPartOf":{"@id":"https:\/\/recuperaciodedades.cat\/es\/#website"},"datePublished":"2019-07-15T09:04:37+00:00","dateModified":"2019-10-16T14:52:19+00:00","breadcrumb":{"@id":"https:\/\/recuperaciodedades.cat\/es\/politica-de-privacitat\/#breadcrumb"},"inLanguage":"es","potentialAction":[{"@type":"ReadAction","target":["https:\/\/recuperaciodedades.cat\/es\/politica-de-privacitat\/"]}]},{"@type":"BreadcrumbList","@id":"https:\/\/recuperaciodedades.cat\/es\/politica-de-privacitat\/#breadcrumb","itemListElement":[{"@type":"ListItem","position":1,"name":"Home","item":"https:\/\/recuperaciodedades.cat\/es\/"},{"@type":"ListItem","position":2,"name":"Pol\u00edtica de Privacidad"}]},{"@type":"WebSite","@id":"https:\/\/recuperaciodedades.cat\/es\/#website","url":"https:\/\/recuperaciodedades.cat\/es\/","name":"Recuperaci\u00f3 de Dades","description":"","publisher":{"@id":"https:\/\/recuperaciodedades.cat\/es\/#organization"},"potentialAction":[{"@type":"SearchAction","target":{"@type":"EntryPoint","urlTemplate":"https:\/\/recuperaciodedades.cat\/es\/?s={search_term_string}"},"query-input":{"@type":"PropertyValueSpecification","valueRequired":true,"valueName":"search_term_string"}}],"inLanguage":"es"},{"@type":"Organization","@id":"https:\/\/recuperaciodedades.cat\/es\/#organization","name":"Recuperaci\u00f3 de Dades","url":"https:\/\/recuperaciodedades.cat\/es\/","logo":{"@type":"ImageObject","inLanguage":"es","@id":"https:\/\/recuperaciodedades.cat\/es\/#\/schema\/logo\/image\/","url":"https:\/\/recuperaciodedades.cat\/wp-content\/uploads\/2019\/09\/Logo-Rec-dedades.png","contentUrl":"https:\/\/recuperaciodedades.cat\/wp-content\/uploads\/2019\/09\/Logo-Rec-dedades.png","width":600,"height":109,"caption":"Recuperaci\u00f3 de Dades"},"image":{"@id":"https:\/\/recuperaciodedades.cat\/es\/#\/schema\/logo\/image\/"}}]}},"_links":{"self":[{"href":"https:\/\/recuperaciodedades.cat\/es\/wp-json\/wp\/v2\/pages\/1652"}],"collection":[{"href":"https:\/\/recuperaciodedades.cat\/es\/wp-json\/wp\/v2\/pages"}],"about":[{"href":"https:\/\/recuperaciodedades.cat\/es\/wp-json\/wp\/v2\/types\/page"}],"author":[{"embeddable":true,"href":"https:\/\/recuperaciodedades.cat\/es\/wp-json\/wp\/v2\/users\/5"}],"replies":[{"embeddable":true,"href":"https:\/\/recuperaciodedades.cat\/es\/wp-json\/wp\/v2\/comments?post=1652"}],"version-history":[{"count":4,"href":"https:\/\/recuperaciodedades.cat\/es\/wp-json\/wp\/v2\/pages\/1652\/revisions"}],"predecessor-version":[{"id":1825,"href":"https:\/\/recuperaciodedades.cat\/es\/wp-json\/wp\/v2\/pages\/1652\/revisions\/1825"}],"wp:attachment":[{"href":"https:\/\/recuperaciodedades.cat\/es\/wp-json\/wp\/v2\/media?parent=1652"}],"curies":[{"name":"wp","href":"https:\/\/api.w.org\/{rel}","templated":true}]}}