{"id":1649,"date":"2019-07-11T13:15:55","date_gmt":"2019-07-11T11:15:55","guid":{"rendered":"https:\/\/recuperaciodedades.cat\/contacte\/"},"modified":"2019-10-16T11:42:21","modified_gmt":"2019-10-16T09:42:21","slug":"contacte","status":"publish","type":"page","link":"https:\/\/recuperaciodedades.cat\/es\/contacte\/","title":{"rendered":"Contacto"},"content":{"rendered":"<p>fas fa-map-marker-alt<br \/>Bar\u00f3 de Maials 11, LLEIDA<\/p>\n<h5>Direcci\u00f3n<\/h5>\n<p>2<\/p>\n<p>fas fa-phone-alt<br \/>(+34) 973 044 366<\/p>\n<h5>Tel\u00e9fono<\/h5>\n<p>2<\/p>\n<p>fas fa-at<br \/>info@recuperaciodedades.cat<\/p>\n<h5>Correo electr\u00f3nico<\/h5>\n<p>2<\/p>\n<p>Heading+contact form<\/p>\n<h3>Pida informaci\u00f3n<\/h3>\n<p><p class=\"wpcf7-contact-form-not-found\"><strong>Error:<\/strong> Formulario de contacto no encontrado.<\/p><br \/>no-repeat;left top;;<br \/>auto<br \/>30px 15%<\/p>\n","protected":false},"excerpt":{"rendered":"<p>fas fa-map-marker-altBar\u00f3 de Maials 11, LLEIDA Direcci\u00f3n 2 fas fa-phone-alt(+34) 973 044 366 Tel\u00e9fono 2<span class=\"excerpt-hellip\"> [\u2026]<\/span><\/p>\n","protected":false},"author":5,"featured_media":0,"parent":0,"menu_order":0,"comment_status":"closed","ping_status":"closed","template":"","meta":{"footnotes":""},"class_list":["post-1649","page","type-page","status-publish","hentry"],"yoast_head":"<!-- This site is optimized with the Yoast SEO plugin v23.7 - https:\/\/yoast.com\/wordpress\/plugins\/seo\/ -->\n<title>Contacto - Pida informaci\u00f3n sobre la recuperaci\u00f3n de datos en Lleida<\/title>\n<meta name=\"description\" content=\"Pida informaci\u00f3n sobre la recuperaci\u00f3n de datos. Empresa de Lleida especializada en recuperaci\u00f3n de datos de discos duros HDD, SSD, etc.\" \/>\n<meta name=\"robots\" content=\"index, follow, max-snippet:-1, max-image-preview:large, max-video-preview:-1\" \/>\n<link rel=\"canonical\" href=\"https:\/\/recuperaciodedades.cat\/es\/contacte\/\" \/>\n<meta property=\"og:locale\" content=\"es_ES\" \/>\n<meta property=\"og:type\" content=\"article\" \/>\n<meta property=\"og:title\" content=\"Contacto - Pida informaci\u00f3n sobre la recuperaci\u00f3n de datos en Lleida\" \/>\n<meta property=\"og:description\" content=\"Pida informaci\u00f3n sobre la recuperaci\u00f3n de datos. Empresa de Lleida especializada en recuperaci\u00f3n de datos de discos duros HDD, SSD, etc.\" \/>\n<meta property=\"og:url\" content=\"https:\/\/recuperaciodedades.cat\/es\/contacte\/\" \/>\n<meta property=\"og:site_name\" content=\"Recuperaci\u00f3 de Dades\" \/>\n<meta property=\"article:modified_time\" content=\"2019-10-16T09:42:21+00:00\" \/>\n<meta name=\"twitter:card\" content=\"summary_large_image\" \/>\n<script type=\"application\/ld+json\" class=\"yoast-schema-graph\">{\"@context\":\"https:\/\/schema.org\",\"@graph\":[{\"@type\":\"WebPage\",\"@id\":\"https:\/\/recuperaciodedades.cat\/es\/contacte\/\",\"url\":\"https:\/\/recuperaciodedades.cat\/es\/contacte\/\",\"name\":\"Contacto - Pida informaci\u00f3n sobre la recuperaci\u00f3n de datos en Lleida\",\"isPartOf\":{\"@id\":\"https:\/\/recuperaciodedades.cat\/es\/#website\"},\"datePublished\":\"2019-07-11T11:15:55+00:00\",\"dateModified\":\"2019-10-16T09:42:21+00:00\",\"description\":\"Pida informaci\u00f3n sobre la recuperaci\u00f3n de datos. Empresa de Lleida especializada en recuperaci\u00f3n de datos de discos duros HDD, SSD, etc.\",\"breadcrumb\":{\"@id\":\"https:\/\/recuperaciodedades.cat\/es\/contacte\/#breadcrumb\"},\"inLanguage\":\"es\",\"potentialAction\":[{\"@type\":\"ReadAction\",\"target\":[\"https:\/\/recuperaciodedades.cat\/es\/contacte\/\"]}]},{\"@type\":\"BreadcrumbList\",\"@id\":\"https:\/\/recuperaciodedades.cat\/es\/contacte\/#breadcrumb\",\"itemListElement\":[{\"@type\":\"ListItem\",\"position\":1,\"name\":\"Home\",\"item\":\"https:\/\/recuperaciodedades.cat\/es\/\"},{\"@type\":\"ListItem\",\"position\":2,\"name\":\"Contacto\"}]},{\"@type\":\"WebSite\",\"@id\":\"https:\/\/recuperaciodedades.cat\/es\/#website\",\"url\":\"https:\/\/recuperaciodedades.cat\/es\/\",\"name\":\"Recuperaci\u00f3 de Dades\",\"description\":\"\",\"publisher\":{\"@id\":\"https:\/\/recuperaciodedades.cat\/es\/#organization\"},\"potentialAction\":[{\"@type\":\"SearchAction\",\"target\":{\"@type\":\"EntryPoint\",\"urlTemplate\":\"https:\/\/recuperaciodedades.cat\/es\/?s={search_term_string}\"},\"query-input\":{\"@type\":\"PropertyValueSpecification\",\"valueRequired\":true,\"valueName\":\"search_term_string\"}}],\"inLanguage\":\"es\"},{\"@type\":\"Organization\",\"@id\":\"https:\/\/recuperaciodedades.cat\/es\/#organization\",\"name\":\"Recuperaci\u00f3 de Dades\",\"url\":\"https:\/\/recuperaciodedades.cat\/es\/\",\"logo\":{\"@type\":\"ImageObject\",\"inLanguage\":\"es\",\"@id\":\"https:\/\/recuperaciodedades.cat\/es\/#\/schema\/logo\/image\/\",\"url\":\"https:\/\/recuperaciodedades.cat\/wp-content\/uploads\/2019\/09\/Logo-Rec-dedades.png\",\"contentUrl\":\"https:\/\/recuperaciodedades.cat\/wp-content\/uploads\/2019\/09\/Logo-Rec-dedades.png\",\"width\":600,\"height\":109,\"caption\":\"Recuperaci\u00f3 de Dades\"},\"image\":{\"@id\":\"https:\/\/recuperaciodedades.cat\/es\/#\/schema\/logo\/image\/\"}}]}<\/script>\n<!-- \/ Yoast SEO plugin. -->","yoast_head_json":{"title":"Contacto - Pida informaci\u00f3n sobre la recuperaci\u00f3n de datos en Lleida","description":"Pida informaci\u00f3n sobre la recuperaci\u00f3n de datos. Empresa de Lleida especializada en recuperaci\u00f3n de datos de discos duros HDD, SSD, etc.","robots":{"index":"index","follow":"follow","max-snippet":"max-snippet:-1","max-image-preview":"max-image-preview:large","max-video-preview":"max-video-preview:-1"},"canonical":"https:\/\/recuperaciodedades.cat\/es\/contacte\/","og_locale":"es_ES","og_type":"article","og_title":"Contacto - Pida informaci\u00f3n sobre la recuperaci\u00f3n de datos en Lleida","og_description":"Pida informaci\u00f3n sobre la recuperaci\u00f3n de datos. Empresa de Lleida especializada en recuperaci\u00f3n de datos de discos duros HDD, SSD, etc.","og_url":"https:\/\/recuperaciodedades.cat\/es\/contacte\/","og_site_name":"Recuperaci\u00f3 de Dades","article_modified_time":"2019-10-16T09:42:21+00:00","twitter_card":"summary_large_image","schema":{"@context":"https:\/\/schema.org","@graph":[{"@type":"WebPage","@id":"https:\/\/recuperaciodedades.cat\/es\/contacte\/","url":"https:\/\/recuperaciodedades.cat\/es\/contacte\/","name":"Contacto - Pida informaci\u00f3n sobre la recuperaci\u00f3n de datos en Lleida","isPartOf":{"@id":"https:\/\/recuperaciodedades.cat\/es\/#website"},"datePublished":"2019-07-11T11:15:55+00:00","dateModified":"2019-10-16T09:42:21+00:00","description":"Pida informaci\u00f3n sobre la recuperaci\u00f3n de datos. Empresa de Lleida especializada en recuperaci\u00f3n de datos de discos duros HDD, SSD, etc.","breadcrumb":{"@id":"https:\/\/recuperaciodedades.cat\/es\/contacte\/#breadcrumb"},"inLanguage":"es","potentialAction":[{"@type":"ReadAction","target":["https:\/\/recuperaciodedades.cat\/es\/contacte\/"]}]},{"@type":"BreadcrumbList","@id":"https:\/\/recuperaciodedades.cat\/es\/contacte\/#breadcrumb","itemListElement":[{"@type":"ListItem","position":1,"name":"Home","item":"https:\/\/recuperaciodedades.cat\/es\/"},{"@type":"ListItem","position":2,"name":"Contacto"}]},{"@type":"WebSite","@id":"https:\/\/recuperaciodedades.cat\/es\/#website","url":"https:\/\/recuperaciodedades.cat\/es\/","name":"Recuperaci\u00f3 de Dades","description":"","publisher":{"@id":"https:\/\/recuperaciodedades.cat\/es\/#organization"},"potentialAction":[{"@type":"SearchAction","target":{"@type":"EntryPoint","urlTemplate":"https:\/\/recuperaciodedades.cat\/es\/?s={search_term_string}"},"query-input":{"@type":"PropertyValueSpecification","valueRequired":true,"valueName":"search_term_string"}}],"inLanguage":"es"},{"@type":"Organization","@id":"https:\/\/recuperaciodedades.cat\/es\/#organization","name":"Recuperaci\u00f3 de Dades","url":"https:\/\/recuperaciodedades.cat\/es\/","logo":{"@type":"ImageObject","inLanguage":"es","@id":"https:\/\/recuperaciodedades.cat\/es\/#\/schema\/logo\/image\/","url":"https:\/\/recuperaciodedades.cat\/wp-content\/uploads\/2019\/09\/Logo-Rec-dedades.png","contentUrl":"https:\/\/recuperaciodedades.cat\/wp-content\/uploads\/2019\/09\/Logo-Rec-dedades.png","width":600,"height":109,"caption":"Recuperaci\u00f3 de Dades"},"image":{"@id":"https:\/\/recuperaciodedades.cat\/es\/#\/schema\/logo\/image\/"}}]}},"_links":{"self":[{"href":"https:\/\/recuperaciodedades.cat\/es\/wp-json\/wp\/v2\/pages\/1649"}],"collection":[{"href":"https:\/\/recuperaciodedades.cat\/es\/wp-json\/wp\/v2\/pages"}],"about":[{"href":"https:\/\/recuperaciodedades.cat\/es\/wp-json\/wp\/v2\/types\/page"}],"author":[{"embeddable":true,"href":"https:\/\/recuperaciodedades.cat\/es\/wp-json\/wp\/v2\/users\/5"}],"replies":[{"embeddable":true,"href":"https:\/\/recuperaciodedades.cat\/es\/wp-json\/wp\/v2\/comments?post=1649"}],"version-history":[{"count":2,"href":"https:\/\/recuperaciodedades.cat\/es\/wp-json\/wp\/v2\/pages\/1649\/revisions"}],"predecessor-version":[{"id":1651,"href":"https:\/\/recuperaciodedades.cat\/es\/wp-json\/wp\/v2\/pages\/1649\/revisions\/1651"}],"wp:attachment":[{"href":"https:\/\/recuperaciodedades.cat\/es\/wp-json\/wp\/v2\/media?parent=1649"}],"curies":[{"name":"wp","href":"https:\/\/api.w.org\/{rel}","templated":true}]}}