{"id":1638,"date":"2019-09-19T15:27:01","date_gmt":"2019-09-19T13:27:01","guid":{"rendered":"https:\/\/recuperaciodedades.cat\/servei-recuperacio-dades\/"},"modified":"2019-11-12T11:49:29","modified_gmt":"2019-11-12T10:49:29","slug":"servei-recuperacio-dades","status":"publish","type":"page","link":"https:\/\/recuperaciodedades.cat\/es\/servei-recuperacio-dades\/","title":{"rendered":"Servicio de recuperaci\u00f3n de datos"},"content":{"rendered":"<h2>Servicio de<\/h2>\n<p><\/p>\n<h1>Recuperaci\u00f3n de datos<\/h1>\n<p>center<br \/>no-repeat;left top;;<br \/>auto<\/p>\n<p>triangle down<br \/>#0e1833<br \/>#ffffff<\/p>\n<h2>Servicio de<\/h2>\n<p><\/p>\n<h1>Recuperaci\u00f3n de datos<\/h1>\n<p>center<br \/>no-repeat;left top;;<br \/>auto<\/p>\n<h2>Precios<\/h2>\n<p>center<br \/>no-repeat;left top;;<br \/>auto<br \/>0px<\/p>\n<p>2<br \/>default<br \/>default<\/p>\n<p>Tabla de precios<br \/>Los precios marcados con ** corresponden a nuestra Tarifa Plana.<\/p>\n<p>Error l\u00f3gicoError electr\u00f3nicoError mec\u00e1nico<\/p>\n<p>Discos duros HDD620\u20ac**<br \/>\n<br \/>SSDs620\u20ac**1.400\u20acNo disponible<br \/>\n<br \/>Sistemas RAID1.000\u20ac &#8211; 1.600\u20ac1.600\u20ac &#8211; 3.300\u20ac<br \/>\n<br \/>Pendrives USB450\u20ac**No disponible<br \/>\n<br \/>Tarjetas SD450\u20ac**No disponible<br \/>\n<br \/>Tarjetas Mini SD\/Micro SD620\u20ac**950\u20acNo disponible<br \/>\n<br \/>Smartphones y Tablets350\u20ac**625\u20acNo disponible<br \/>\n<br \/>Criptovirus Ransomware600\u20ac &#8211; 1.500\u20ac<\/p>\n<p>no-repeat;left top;;<br \/>auto<br \/>10px<br \/>50px 0 0<\/p>\n<p>Recuerde: Los precios NO incluyen el IVA. La tarifa plana implica la aceptaci\u00f3n del presupuesto de recuperaci\u00f3n en el caso de que los datos se puedan recuperar en un 99% o m\u00e1s. Si los datos son recuperables en menos de un 98% usted podr\u00e1 decidir si quiere seguir con la recuperaci\u00f3n o no.<br \/>\n<br \/>Para m\u00e1s informaci\u00f3n sobre los diferentes tipos de errores, pulse <a href=\"\/es\/tipus-d-errors\/\">aqu\u00ed<\/a>.<br \/>center<br \/>no-repeat;left top;;<br \/>auto<\/p>\n<h2>Precios<\/h2>\n<p>center<br \/>no-repeat;left top;;<br \/>auto<br \/>0px<\/p>\n<p>2<br \/>default<br \/>default<\/p>\n<p>Tabla de precios<br \/>Los precios marcados con ** corresponden a nuestra Tarifa Plana.<\/p>\n<p>Error l\u00f3gicoError electr\u00f3nicoError mec\u00e1nico<\/p>\n<p>Discos duros HDD620\u20ac**<br \/>\n<br \/>SSDs620\u20ac**1.400\u20acNo disponible<br \/>\n<br \/>Sistemas RAID1.000\u20ac &#8211; 1.600\u20ac1.600\u20ac &#8211; 3.300\u20ac<br \/>\n<br \/>Pendrives USB450\u20ac**No disponible<br \/>\n<br \/>Tarjetas SD450\u20ac**No disponible<br \/>\n<br \/>Tarjetas Mini SD\/Micro SD620\u20ac**950\u20acNo disponible<br \/>\n<br \/>Smartphones y Tablets350\u20ac**625\u20acNo disponible<br \/>\n<br \/>Criptovirus Ransomware600\u20ac &#8211; 1.500\u20ac<\/p>\n<p>no-repeat;left top;;<br \/>auto<br \/>10px<br \/>25px 0 0<\/p>\n<p>Recuerde: Los precios NO incluyen el IVA. La tarifa plana implica la aceptaci\u00f3n del presupuesto de recuperaci\u00f3n en el caso de que los datos se puedan recuperar en un 99% o m\u00e1s. Si los datos son recuperables en menos de un 98% usted podr\u00e1 decidir si quiere seguir con la recuperaci\u00f3n o no.<br \/>\n<br \/>Para m\u00e1s informaci\u00f3n sobre los diferentes tipos de errores, pulse <a href=\"\/es\/tipus-d-errors\/\">aqu\u00ed<\/a>.<br \/>center<br \/>no-repeat;left top;;<br \/>auto<\/p>\n<h2>Proceso de recuperaci\u00f3n<\/h2>\n<p>center<br \/>no-repeat;left top;;<br \/>auto<br \/>0px<\/p>\n<p>2<br \/>default<br \/>default<\/p>\n<p>En Recuperaci\u00f3 de dades lo damos todo para recuperar todos los datos que son importantes para usted, asegur\u00e1ndonos de que su dispositivo se mantiene seguro durante todo el proceso de recuperaci\u00f3n.<br \/>center<br \/>no-repeat;left top;;<br \/>auto<br \/>50px 0 0<\/p>\n<p>center<br \/>no-repeat;left top;;<br \/>auto<br \/>10px<\/p>\n<h3>Contacto previo<\/h3>\n<p>center<br \/>no-repeat;left top;;<br \/>auto<br \/>0px<\/p>\n<p>2<br \/>default<br \/>default<\/p>\n<p>Al rellenar el formulario, contactaremos con usted para hablar sobre la recuperaci\u00f3n de su dispositivo y su env\u00edo.<br \/>center<br \/>no-repeat;left top;;<br \/>auto<br \/>50px 0 0<\/p>\n<p><a><\/a><br \/>center<br \/>no-repeat;left top;;<br \/>auto<br \/>10px<\/p>\n<h3>Recogida y diagn\u00f3stico<\/h3>\n<p>center<br \/>no-repeat;left top;;<br \/>auto<br \/>0px<\/p>\n<p>2<br \/>default<br \/>default<\/p>\n<p>Recogemos el dispositivo mediante una agencia de transportes o, si lo desea, puede venir usted a entregarlo a nuestra tienda, y le haremos un diagn\u00f3stico en 24-48h.<br \/>center<br \/>no-repeat;left top;;<br \/>auto<br \/>50px 0 0<\/p>\n<p><a><\/a><br \/>center<br \/>no-repeat;left top;;<br \/>auto<br \/>10px<\/p>\n<h3>Recuperaci\u00f3n en 5-7 d\u00edas<\/h3>\n<p>center<br \/>no-repeat;left top;;<br \/>auto<br \/>0px<\/p>\n<p>2<br \/>default<br \/>default<\/p>\n<p>Despu\u00e9s del diagn\u00f3stico de su dispositivo, el plazo de recuperaci\u00f3n ser\u00e1 de 5-7 d\u00edas bajo nuestra tarifa plana.<br \/>center<br \/>no-repeat;left top;;<br \/>auto<br \/>50px 0 0<\/p>\n<p><a><\/a><br \/>center<br \/>no-repeat;left top;;<br \/>auto<br \/>10px<\/p>\n<h3>Env\u00edo del listado de archivos<\/h3>\n<p>center<br \/>no-repeat;left top;;<br \/>auto<br \/>0px<\/p>\n<p>2<br \/>default<br \/>default<\/p>\n<p>Al finalizar la recuperaci\u00f3n, le notificaremos sobre todos los archivos que hayamos podido recuperar. El volcado de estos datos se har\u00e1, por seguridad, en un nuevo dispositivo.<br \/>center<br \/>no-repeat;left top;;<br \/>auto<br \/>50px 0 0<\/p>\n<p><a><\/a><br \/>center<br \/>no-repeat;left top;;<br \/>auto<br \/>10px<\/p>\n<h3>Env\u00edo de datos<\/h3>\n<p>center<br \/>no-repeat;left top;;<br \/>auto<br \/>0px<\/p>\n<p>2<br \/>default<br \/>default<\/p>\n<p>Le devolveremos su dispositivo original junto al nuevo dispositivo con sus datos. Si no desea su dispositivo original h\u00e1ganoslo saber por adelantado y le enviaremos un certificado de destrucci\u00f3n gratuito.<br \/>center<br \/>no-repeat;left top;;<br \/>auto<br \/>50px 0 0<\/p>\n<p><a><\/a><br \/>center<br \/>no-repeat;left top;;<br \/>auto<br \/>10px<\/p>\n<h3>Si la causa para la recuperaci\u00f3n es un Ransomware<\/h3>\n<p>center<br \/>no-repeat;left top;;<br \/>auto<br \/>0px<\/p>\n<p>2<br \/>default<br \/>default<\/p>\n<p>Al solicitar la recuperaci\u00f3n de datos por ransomware, le pediremos que nos env\u00ede un par de archivos encriptados de muestra de diferentes extensiones (.jpg, .pdf, .docx, .gif, etc.) Es preferible que estos archivos no contengan informaci\u00f3n privada.<br \/>\n<br \/>Junto a los archivos, env\u00edenos tambi\u00e9n la \\\u00bbnota de rescate\\\u00bb, que ser\u00eda el mensaje que dej\u00f3 el ransomware indicando d\u00f3nde hacer el pago del rescate. Este archivo suele ser un archivo .txt o un .html.<br \/>\n<br \/>En 24h le indicaremos gratuitamente si tiene posibilidades de recuperaci\u00f3n.<\/p>\n<p>no-repeat;left top;;<br \/>auto<\/p>\n<p>M\u00e1s informaci\u00f3n<br \/><a href=\"\/es\/recuperacio-dades-ransomware\/\">\/es\/recuperacio-dades-ransomware\/<\/a><br \/>center<br \/>left<br \/>4<\/p>\n<p>100<br \/>default<\/p>\n<h2>Formulario para la solicitud<\/h2>\n<p>center<br \/>no-repeat;left top;;<br \/>auto<br \/>0px<\/p>\n<p>2<br \/>default<br \/>default<\/p>\n<p><p class=\"wpcf7-contact-form-not-found\"><strong>Error:<\/strong> Formulario de contacto no encontrado.<\/p><br \/>no-repeat;left top;;<br \/>auto<br \/>50px 0 0<\/p>\n<h5>Si tiene cualquier duda o consulta, por favor, contacte con nosotros y pida informaci\u00f3n mediante el siguiente formulario.<\/h5>\n<p>center<br \/>no-repeat;left top;;<br \/>auto<br \/>75px 0 0<\/p>\n<p>Contact Form<\/p>\n<h3>Pida informaci\u00f3n<\/h3>\n<p><p class=\"wpcf7-contact-form-not-found\"><strong>Error:<\/strong> Formulario de contacto no encontrado.<\/p><br \/>center<br \/>no-repeat;left top;;<br \/>auto<br \/>0 15%<\/p>\n<p>Quiz\u00e1s estabas buscando:Servicio de recuperaci\u00f3n de datos en Lleida, empresa de recuperaci\u00f3n de datos en Lleida, como recuperar datos de disco duro externo, empresa de recuperaci\u00f3n de datos disco duro HDD, recuperar datos disco duro recuperar datos SSD, recuperar datos RAID, recuperar datos USB, recuperar datos tarjeta SD, recuperar datos smartphone.<\/p>\n","protected":false},"excerpt":{"rendered":"<p>Servicio de Recuperaci\u00f3n de datos centerno-repeat;left top;;auto triangle down#0e1833#ffffff Servicio de Recuperaci\u00f3n de datos centerno-repeat;left<span class=\"excerpt-hellip\"> [\u2026]<\/span><\/p>\n","protected":false},"author":5,"featured_media":0,"parent":0,"menu_order":0,"comment_status":"closed","ping_status":"closed","template":"","meta":{"footnotes":""},"class_list":["post-1638","page","type-page","status-publish","hentry"],"yoast_head":"<!-- This site is optimized with the Yoast SEO plugin v23.7 - https:\/\/yoast.com\/wordpress\/plugins\/seo\/ -->\n<title>Servicio de recuperaci\u00f3n de datos en Lleida<\/title>\n<meta name=\"description\" content=\"Somos una empresa de Lleida que ofrece el servicio de recuperaci\u00f3n de datos. Recuperamos datos de discos duros HDD, SSD, tarjetas de memoria, RAID, etc.\" \/>\n<meta name=\"robots\" content=\"index, follow, max-snippet:-1, max-image-preview:large, max-video-preview:-1\" \/>\n<link rel=\"canonical\" href=\"https:\/\/recuperaciodedades.cat\/es\/servei-recuperacio-dades\/\" \/>\n<meta property=\"og:locale\" content=\"es_ES\" \/>\n<meta property=\"og:type\" content=\"article\" \/>\n<meta property=\"og:title\" content=\"Servicio de recuperaci\u00f3n de datos en Lleida\" \/>\n<meta property=\"og:description\" content=\"Somos una empresa de Lleida que ofrece el servicio de recuperaci\u00f3n de datos. Recuperamos datos de discos duros HDD, SSD, tarjetas de memoria, RAID, etc.\" \/>\n<meta property=\"og:url\" content=\"https:\/\/recuperaciodedades.cat\/es\/servei-recuperacio-dades\/\" \/>\n<meta property=\"og:site_name\" content=\"Recuperaci\u00f3 de Dades\" \/>\n<meta property=\"article:modified_time\" content=\"2019-11-12T10:49:29+00:00\" \/>\n<meta name=\"twitter:card\" content=\"summary_large_image\" \/>\n<meta name=\"twitter:label1\" content=\"Tiempo de lectura\" \/>\n\t<meta name=\"twitter:data1\" content=\"4 minutos\" \/>\n<script type=\"application\/ld+json\" class=\"yoast-schema-graph\">{\"@context\":\"https:\/\/schema.org\",\"@graph\":[{\"@type\":\"WebPage\",\"@id\":\"https:\/\/recuperaciodedades.cat\/es\/servei-recuperacio-dades\/\",\"url\":\"https:\/\/recuperaciodedades.cat\/es\/servei-recuperacio-dades\/\",\"name\":\"Servicio de recuperaci\u00f3n de datos en Lleida\",\"isPartOf\":{\"@id\":\"https:\/\/recuperaciodedades.cat\/es\/#website\"},\"datePublished\":\"2019-09-19T13:27:01+00:00\",\"dateModified\":\"2019-11-12T10:49:29+00:00\",\"description\":\"Somos una empresa de Lleida que ofrece el servicio de recuperaci\u00f3n de datos. Recuperamos datos de discos duros HDD, SSD, tarjetas de memoria, RAID, etc.\",\"breadcrumb\":{\"@id\":\"https:\/\/recuperaciodedades.cat\/es\/servei-recuperacio-dades\/#breadcrumb\"},\"inLanguage\":\"es\",\"potentialAction\":[{\"@type\":\"ReadAction\",\"target\":[\"https:\/\/recuperaciodedades.cat\/es\/servei-recuperacio-dades\/\"]}]},{\"@type\":\"BreadcrumbList\",\"@id\":\"https:\/\/recuperaciodedades.cat\/es\/servei-recuperacio-dades\/#breadcrumb\",\"itemListElement\":[{\"@type\":\"ListItem\",\"position\":1,\"name\":\"Home\",\"item\":\"https:\/\/recuperaciodedades.cat\/es\/\"},{\"@type\":\"ListItem\",\"position\":2,\"name\":\"Servicio de recuperaci\u00f3n de datos\"}]},{\"@type\":\"WebSite\",\"@id\":\"https:\/\/recuperaciodedades.cat\/es\/#website\",\"url\":\"https:\/\/recuperaciodedades.cat\/es\/\",\"name\":\"Recuperaci\u00f3 de Dades\",\"description\":\"\",\"publisher\":{\"@id\":\"https:\/\/recuperaciodedades.cat\/es\/#organization\"},\"potentialAction\":[{\"@type\":\"SearchAction\",\"target\":{\"@type\":\"EntryPoint\",\"urlTemplate\":\"https:\/\/recuperaciodedades.cat\/es\/?s={search_term_string}\"},\"query-input\":{\"@type\":\"PropertyValueSpecification\",\"valueRequired\":true,\"valueName\":\"search_term_string\"}}],\"inLanguage\":\"es\"},{\"@type\":\"Organization\",\"@id\":\"https:\/\/recuperaciodedades.cat\/es\/#organization\",\"name\":\"Recuperaci\u00f3 de Dades\",\"url\":\"https:\/\/recuperaciodedades.cat\/es\/\",\"logo\":{\"@type\":\"ImageObject\",\"inLanguage\":\"es\",\"@id\":\"https:\/\/recuperaciodedades.cat\/es\/#\/schema\/logo\/image\/\",\"url\":\"https:\/\/recuperaciodedades.cat\/wp-content\/uploads\/2019\/09\/Logo-Rec-dedades.png\",\"contentUrl\":\"https:\/\/recuperaciodedades.cat\/wp-content\/uploads\/2019\/09\/Logo-Rec-dedades.png\",\"width\":600,\"height\":109,\"caption\":\"Recuperaci\u00f3 de Dades\"},\"image\":{\"@id\":\"https:\/\/recuperaciodedades.cat\/es\/#\/schema\/logo\/image\/\"}}]}<\/script>\n<!-- \/ Yoast SEO plugin. -->","yoast_head_json":{"title":"Servicio de recuperaci\u00f3n de datos en Lleida","description":"Somos una empresa de Lleida que ofrece el servicio de recuperaci\u00f3n de datos. Recuperamos datos de discos duros HDD, SSD, tarjetas de memoria, RAID, etc.","robots":{"index":"index","follow":"follow","max-snippet":"max-snippet:-1","max-image-preview":"max-image-preview:large","max-video-preview":"max-video-preview:-1"},"canonical":"https:\/\/recuperaciodedades.cat\/es\/servei-recuperacio-dades\/","og_locale":"es_ES","og_type":"article","og_title":"Servicio de recuperaci\u00f3n de datos en Lleida","og_description":"Somos una empresa de Lleida que ofrece el servicio de recuperaci\u00f3n de datos. Recuperamos datos de discos duros HDD, SSD, tarjetas de memoria, RAID, etc.","og_url":"https:\/\/recuperaciodedades.cat\/es\/servei-recuperacio-dades\/","og_site_name":"Recuperaci\u00f3 de Dades","article_modified_time":"2019-11-12T10:49:29+00:00","twitter_card":"summary_large_image","twitter_misc":{"Tiempo de lectura":"4 minutos"},"schema":{"@context":"https:\/\/schema.org","@graph":[{"@type":"WebPage","@id":"https:\/\/recuperaciodedades.cat\/es\/servei-recuperacio-dades\/","url":"https:\/\/recuperaciodedades.cat\/es\/servei-recuperacio-dades\/","name":"Servicio de recuperaci\u00f3n de datos en Lleida","isPartOf":{"@id":"https:\/\/recuperaciodedades.cat\/es\/#website"},"datePublished":"2019-09-19T13:27:01+00:00","dateModified":"2019-11-12T10:49:29+00:00","description":"Somos una empresa de Lleida que ofrece el servicio de recuperaci\u00f3n de datos. Recuperamos datos de discos duros HDD, SSD, tarjetas de memoria, RAID, etc.","breadcrumb":{"@id":"https:\/\/recuperaciodedades.cat\/es\/servei-recuperacio-dades\/#breadcrumb"},"inLanguage":"es","potentialAction":[{"@type":"ReadAction","target":["https:\/\/recuperaciodedades.cat\/es\/servei-recuperacio-dades\/"]}]},{"@type":"BreadcrumbList","@id":"https:\/\/recuperaciodedades.cat\/es\/servei-recuperacio-dades\/#breadcrumb","itemListElement":[{"@type":"ListItem","position":1,"name":"Home","item":"https:\/\/recuperaciodedades.cat\/es\/"},{"@type":"ListItem","position":2,"name":"Servicio de recuperaci\u00f3n de datos"}]},{"@type":"WebSite","@id":"https:\/\/recuperaciodedades.cat\/es\/#website","url":"https:\/\/recuperaciodedades.cat\/es\/","name":"Recuperaci\u00f3 de Dades","description":"","publisher":{"@id":"https:\/\/recuperaciodedades.cat\/es\/#organization"},"potentialAction":[{"@type":"SearchAction","target":{"@type":"EntryPoint","urlTemplate":"https:\/\/recuperaciodedades.cat\/es\/?s={search_term_string}"},"query-input":{"@type":"PropertyValueSpecification","valueRequired":true,"valueName":"search_term_string"}}],"inLanguage":"es"},{"@type":"Organization","@id":"https:\/\/recuperaciodedades.cat\/es\/#organization","name":"Recuperaci\u00f3 de Dades","url":"https:\/\/recuperaciodedades.cat\/es\/","logo":{"@type":"ImageObject","inLanguage":"es","@id":"https:\/\/recuperaciodedades.cat\/es\/#\/schema\/logo\/image\/","url":"https:\/\/recuperaciodedades.cat\/wp-content\/uploads\/2019\/09\/Logo-Rec-dedades.png","contentUrl":"https:\/\/recuperaciodedades.cat\/wp-content\/uploads\/2019\/09\/Logo-Rec-dedades.png","width":600,"height":109,"caption":"Recuperaci\u00f3 de Dades"},"image":{"@id":"https:\/\/recuperaciodedades.cat\/es\/#\/schema\/logo\/image\/"}}]}},"_links":{"self":[{"href":"https:\/\/recuperaciodedades.cat\/es\/wp-json\/wp\/v2\/pages\/1638"}],"collection":[{"href":"https:\/\/recuperaciodedades.cat\/es\/wp-json\/wp\/v2\/pages"}],"about":[{"href":"https:\/\/recuperaciodedades.cat\/es\/wp-json\/wp\/v2\/types\/page"}],"author":[{"embeddable":true,"href":"https:\/\/recuperaciodedades.cat\/es\/wp-json\/wp\/v2\/users\/5"}],"replies":[{"embeddable":true,"href":"https:\/\/recuperaciodedades.cat\/es\/wp-json\/wp\/v2\/comments?post=1638"}],"version-history":[{"count":6,"href":"https:\/\/recuperaciodedades.cat\/es\/wp-json\/wp\/v2\/pages\/1638\/revisions"}],"predecessor-version":[{"id":1817,"href":"https:\/\/recuperaciodedades.cat\/es\/wp-json\/wp\/v2\/pages\/1638\/revisions\/1817"}],"wp:attachment":[{"href":"https:\/\/recuperaciodedades.cat\/es\/wp-json\/wp\/v2\/media?parent=1638"}],"curies":[{"name":"wp","href":"https:\/\/api.w.org\/{rel}","templated":true}]}}