{"id":1635,"date":"2018-03-07T14:19:33","date_gmt":"2018-03-07T14:19:33","guid":{"rendered":"https:\/\/recuperaciodedades.cat\/home\/"},"modified":"2019-11-12T12:18:13","modified_gmt":"2019-11-12T11:18:13","slug":"home","status":"publish","type":"page","link":"https:\/\/recuperaciodedades.cat\/es\/","title":{"rendered":"Inicio"},"content":{"rendered":"<p>25<br \/>default<\/p>\n<h1>Recuperaci\u00f3n de datos fiable y eficiente<\/h1>\n<p><\/p>\n<h4>Somos expertos en la recuperaci\u00f3n de datos de una gran variedad de sistemas y dispositivos<\/h4>\n<p>center<br \/>no-repeat;left top;;<br \/>auto<\/p>\n<p>10<br \/>default<\/p>\n<p>Solicite una recuperaci\u00f3n<br \/><a href=\"\/es\/servei-recuperacio-dades\/\">\/es\/servei-recuperacio-dades\/<\/a><br \/>center<br \/>left<br \/>#dddddd<br \/>#2e6bc2<br \/>4<\/p>\n<p>10<br \/>default<\/p>\n<h2>Recuperaci\u00f3n de datos de:<\/h2>\n<p>center<br \/>no-repeat;left top;;<br \/>auto<br \/>0px<\/p>\n<p>2<br \/>default<br \/>narrow<\/p>\n<p>50<br \/>default<\/p>\n<p>hdd<br \/><a href=\"\/es\/recuperacio-dades-disc-dur-hdd\/\"><br \/>\n<\/p>\n<h4>Discos duros HDD<\/h4>\n<p><\/a><br \/>center<br \/>no-repeat;left top;;<br \/>auto<\/p>\n<p>ssd<br \/><a href=\"\/es\/recuperacio-dades-ssd\/\"><br \/>\n<\/p>\n<h4>SSD<\/h4>\n<p><\/a><br \/>center<br \/>no-repeat;left top;;<br \/>auto<\/p>\n<p>raid<br \/><a href=\"\/es\/recuperacio-dades-sistema-raid\/\"><br \/>\n<\/p>\n<h4>Sistemas RAID<\/h4>\n<p><\/a><br \/>center<br \/>no-repeat;left top;;<br \/>auto<\/p>\n<p>usb<br \/><a href=\"\/es\/recuperacio-dades-pendrive-usb\/\"><br \/>\n<\/p>\n<h4>Pendrives USB<\/h4>\n<p><\/a><br \/>center<br \/>no-repeat;left top;;<br \/>auto<\/p>\n<p>sd card<br \/><a href=\"\/es\/recuperacio-dades-targeta-sd\/\"><br \/>\n<\/p>\n<h4>Tarjetas SD<\/h4>\n<p><\/a><br \/>center<br \/>no-repeat;left top;;<br \/>auto<\/p>\n<p>smartphone<br \/><a href=\"\/es\/recuperacio-dades-smartphone-i-tablet\/\"><br \/>\n<\/p>\n<h4>Smartphones y tablets<\/h4>\n<p><\/a><br \/>center<br \/>no-repeat;left top;;<br \/>auto<\/p>\n<h1>Recuperaci\u00f3n de datos fiable y eficiente<\/h1>\n<p><\/p>\n<h4>Somos expertos en la recuperaci\u00f3n de datos de una gran variedad de sistemas y dispositivos<\/h4>\n<p>center<br \/>no-repeat;left top;;<br \/>auto<br \/>0px<\/p>\n<p>2<br \/>default<br \/>default<\/p>\n<h3>Recuperaci\u00f3n de datos de:<\/h3>\n<p>center<br \/>no-repeat;left top;;<br \/>auto<br \/>30px 0 0<\/p>\n<p><li><span class=\"icon\"><i class=\"icon-picture\"><\/i><\/span><p><\/p><\/li>\n<br \/>\n<br \/><li><span class=\"icon\"><i class=\"icon-picture\"><\/i><\/span><p><\/p><\/li>\n<br \/>\n<br \/><li><span class=\"icon\"><i class=\"icon-picture\"><\/i><\/span><p><\/p><\/li>\n<br \/>\n<br \/><li><span class=\"icon\"><i class=\"icon-picture\"><\/i><\/span><p><\/p><\/li>\n<br \/>\n<br \/><li><span class=\"icon\"><i class=\"icon-picture\"><\/i><\/span><p><\/p><\/li>\n<br \/>\n<br \/><li><span class=\"icon\"><i class=\"icon-picture\"><\/i><\/span><p><\/p><\/li>\n<br \/>2<\/p>\n<p>10<br \/>default<\/p>\n<p>Solicite una recuperaci\u00f3n<br \/><a href=\"\/es\/servei-recuperacio-dades\/\">\/es\/servei-recuperacio-dades\/<\/a><br \/>center<br \/>left<br \/>#dddddd<br \/>#2e6bc2<br \/>4<\/p>\n<h2>Nuestro servicio<\/h2>\n<p>center<br \/>no-repeat;left top;;<br \/>auto<br \/>0px<\/p>\n<p>2<br \/>default<br \/>narrow<\/p>\n<h3>Recogiday diagn\u00f3stico<\/h3>\n<p>center<br \/>no-repeat;left top;;<br \/>auto<\/p>\n<p><img decoding=\"async\" src=\"https:\/\/recuperaciodedades.cat\/wp-content\/uploads\/2019\/09\/repair2.jpg\" alt=\"recuperaci\u00f3 de dades lleida hdd hard disk drive reparaci\u00f3\" \/><br \/>#2e6bc2<\/p>\n<p>M\u00e9s informaci\u00f3<br \/><a href=\"\/es\/servei-recuperacio-dades\/#recollida\">\/es\/servei-recuperacio-dades\/#recollida<\/a><\/p>\n<h4>Recogemos su dispositivo y le hacemos un diagn\u00f3stico en 24-48h<\/h4>\n<p>center<br \/>no-repeat;left top;;<br \/>auto<br \/>40px 15px<\/p>\n<h3>Recuperaci\u00f3n en5-7 d\u00edas<\/h3>\n<p>center<br \/>no-repeat;left top;;<br \/>auto<\/p>\n<p><img decoding=\"async\" src=\"https:\/\/recuperaciodedades.cat\/wp-content\/uploads\/2019\/09\/repair3.jpg\" alt=\"recuperaci\u00f3 de dades lleida hdd hard disk drive reparaci\u00f3\" \/><br \/>#2e6bc2<\/p>\n<p>M\u00e9s informaci\u00f3<br \/><a href=\"\/es\/servei-recuperacio-dades\/#recuperacio\">\/es\/servei-recuperacio-dades\/#recuperacio<\/a><\/p>\n<h4>Realizamos la recuperaci\u00f3n en 5-7 d\u00edas, acorde a nuestra Tarifa Plana<\/h4>\n<p>center<br \/>no-repeat;left top;;<br \/>auto<br \/>40px 15px<\/p>\n<h3>Env\u00edo dellistado de archivos<\/h3>\n<p>center<br \/>no-repeat;left top;;<br \/>auto<\/p>\n<p><img decoding=\"async\" src=\"https:\/\/recuperaciodedades.cat\/wp-content\/uploads\/2019\/09\/check_reduced.jpg\" alt=\"check_reduced\" \/><br \/>#2e6bc2<\/p>\n<p>M\u00e9s informaci\u00f3<br \/><a href=\"\/es\/servei-recuperacio-dades\/#llistat\">\/es\/servei-recuperacio-dades\/#llistat<\/a><\/p>\n<h4>Le entregamos un listado de todos los archivos que se hayan podido recuperar<\/h4>\n<p>center<br \/>no-repeat;left top;;<br \/>auto<br \/>40px 15px<\/p>\n<h3>Env\u00edo delos datos<\/h3>\n<p>center<br \/>no-repeat;left top;;<br \/>auto<\/p>\n<p><img decoding=\"async\" src=\"https:\/\/recuperaciodedades.cat\/wp-content\/uploads\/2019\/09\/delivery_reduced.jpg\" alt=\"delivery_reduced\" \/><br \/>#2e6bc2<\/p>\n<p>M\u00e9s informaci\u00f3<br \/><a href=\"\/es\/servei-recuperacio-dades\/#enviament\">\/es\/servei-recuperacio-dades\/#enviament<\/a><\/p>\n<h4>Le enviamos los datos recuperados en un dispositivo nuevo junto a su dispositivo original<\/h4>\n<p>center<br \/>no-repeat;left top;;<br \/>auto<br \/>40px 15px<\/p>\n<p>M\u00e1s informaci\u00f3n<br \/><a href=\"\/es\/servei-recuperacio-dades\/\">\/es\/servei-recuperacio-dades\/<\/a><br \/>center<br \/>left<br \/>4<\/p>\n<h2>Nuestro servicio<\/h2>\n<p>center<br \/>no-repeat;left top;;<br \/>auto<br \/>0px<\/p>\n<p>25<br \/>default<br \/>narrow<\/p>\n<p>Recogida y diagn\u00f3stico<br \/>h3<br \/>Recogemos su dispositivo y le hacemos un diagn\u00f3stico en 24-48h<br \/>fas fa-search<br \/>top<br \/><a href=\"\/es\/servei-de-recuperacio-de-dades\/#recollida\">\/es\/servei-de-recuperacio-de-dades\/#recollida<\/a><\/p>\n<p>Recuperaci\u00f3n en 5-7 d\u00edas<br \/>h3<br \/>Realizamos la recuperaci\u00f3n en 5-7 d\u00edas, acorde a nuestra Tarifa Plana<br \/>fas fa-sync-alt<br \/>top<br \/><a href=\"\/es\/servei-de-recuperacio-de-dades\/#recuperacio\">\/es\/servei-de-recuperacio-de-dades\/#recuperacio<\/a><\/p>\n<p>Env\u00edo del listado de archivos<br \/>h3<br \/>Le entregamos un listado de todos los archivos que se hayan podido recuperar<br \/>fas fa-clipboard-list<br \/>top<br \/><a href=\"\/es\/servei-de-recuperacio-de-dades\/#llistat\">\/es\/servei-de-recuperacio-de-dades\/#llistat<\/a><\/p>\n<p>Env\u00edo de los datos<br \/>h3<br \/>Le enviamos los datos recuperados en un dispositivo nuevo junto a su dispositivo original<br \/>fas fa-box<br \/>top<br \/><a href=\"\/servei-de-recuperacio-de-dades\/#enviament\">\/servei-de-recuperacio-de-dades\/#enviament<\/a><\/p>\n<p>M\u00e1s informaci\u00f3n<br \/><a href=\"\/es\/servei-recuperacio-dades\/\">\/es\/servei-recuperacio-dades\/<\/a><br \/>center<br \/>left<br \/>4<\/p>\n<h2>Desencriptaci\u00f3n<\/h2>\n<p>Si su sistema o dispositivo ha sufrido da\u00f1os por un criptovirus, contacte con nosotros y en 24h le diremos si sus datos son recuperables.<br \/>no-repeat;left top;;<br \/>auto<\/p>\n<p>M\u00e1s informaci\u00f3n<br \/><a href=\"\/es\/recuperacio-dades-ransomware\/\">\/es\/recuperacio-dades-ransomware\/<\/a><br \/>left<br \/>4<\/p>\n<h2>Desencriptaci\u00f3n<\/h2>\n<p>Si su sistema o dispositivo ha sufrido da\u00f1os por un criptovirus, contacte con nosotros y en 24h le diremos si sus datos son recuperables.<br \/>center<br \/>no-repeat;left top;;<br \/>auto<\/p>\n<p>M\u00e1s informaci\u00f3n<br \/><a href=\"\/es\/recuperacio-dades-ransomware\/\">\/es\/recuperacio-dades-ransomware\/<\/a><br \/>center<br \/>left<br \/>4<\/p>\n<h3>Pida informaci\u00f3n<\/h3>\n<p>Contact form<br \/><p class=\"wpcf7-contact-form-not-found\"><strong>Error:<\/strong> Formulario de contacto no encontrado.<\/p><br \/>no-repeat;left top;;<br \/>auto<br \/>5px 15% 40px<\/p>\n<p>Quiz\u00e1s estabas buscando:C\u00f3mo recuperar datos de disco duro, recuperar informaci\u00f3n del disco duro, restaurar datos de disco duro externo estropeado, empresa de recuperaci\u00f3n de datos Lleida, recuperar datos SSD, recuperar datos RAID, recuperar datos USB, recuperar datos tarjeta SD, recuperar datos smartphone.<\/p>\n<h3>Pida informaci\u00f3n<\/h3>\n<p>Contact form<br \/><p class=\"wpcf7-contact-form-not-found\"><strong>Error:<\/strong> Formulario de contacto no encontrado.<\/p><br \/>\n<br \/>Quiz\u00e1s estabas buscando:<br \/>\n<br \/>C\u00f3mo recuperar datos de disco duro, recuperar informaci\u00f3n del disco duro, restaurar datos de disco duro externo estropeado, empresa de recuperaci\u00f3n de datos Lleida, recuperar datos SSD, recuperar datos RAID, recuperar datos USB, recuperar datos tarjeta SD, recuperar datos smartphone.<br \/>no-repeat;left top;;<br \/>auto<br \/>5px 5% 40px<\/p>\n","protected":false},"excerpt":{"rendered":"<p>25default Recuperaci\u00f3n de datos fiable y eficiente Somos expertos en la recuperaci\u00f3n de datos de<span class=\"excerpt-hellip\"> [\u2026]<\/span><\/p>\n","protected":false},"author":2,"featured_media":0,"parent":0,"menu_order":0,"comment_status":"closed","ping_status":"closed","template":"","meta":{"footnotes":""},"class_list":["post-1635","page","type-page","status-publish","hentry"],"yoast_head":"<!-- This site is optimized with the Yoast SEO plugin v23.7 - https:\/\/yoast.com\/wordpress\/plugins\/seo\/ -->\n<title>Recuperaci\u00f3n de datos en Lleida - Recuperaci\u00f3n de discos duros y otros soportes<\/title>\n<meta name=\"description\" content=\"Empresa de Lleida especializada en la recuperaci\u00f3n de datos de discos duros HDD, tarjetas de memoria, SSD, RAID y cualquier otro soporte.\" \/>\n<meta name=\"robots\" content=\"index, follow, max-snippet:-1, max-image-preview:large, max-video-preview:-1\" \/>\n<link rel=\"canonical\" href=\"https:\/\/recuperaciodedades.cat\/es\/\" \/>\n<meta property=\"og:locale\" content=\"es_ES\" \/>\n<meta property=\"og:type\" content=\"article\" \/>\n<meta property=\"og:title\" content=\"Recuperaci\u00f3n de datos en Lleida - Recuperaci\u00f3n de discos duros y otros soportes\" \/>\n<meta property=\"og:description\" content=\"Empresa de Lleida especializada en la recuperaci\u00f3n de datos de discos duros HDD, tarjetas de memoria, SSD, RAID y cualquier otro soporte.\" \/>\n<meta property=\"og:url\" content=\"https:\/\/recuperaciodedades.cat\/es\/\" \/>\n<meta property=\"og:site_name\" content=\"Recuperaci\u00f3 de Dades\" \/>\n<meta property=\"article:modified_time\" content=\"2019-11-12T11:18:13+00:00\" \/>\n<meta property=\"og:image\" content=\"https:\/\/recuperaciodedades.cat\/wp-content\/uploads\/2019\/09\/repair2.jpg\" \/>\n<meta name=\"twitter:card\" content=\"summary_large_image\" \/>\n<meta name=\"twitter:label1\" content=\"Tiempo de lectura\" \/>\n\t<meta name=\"twitter:data1\" content=\"3 minutos\" \/>\n<script type=\"application\/ld+json\" class=\"yoast-schema-graph\">{\"@context\":\"https:\/\/schema.org\",\"@graph\":[{\"@type\":\"WebPage\",\"@id\":\"https:\/\/recuperaciodedades.cat\/es\/\",\"url\":\"https:\/\/recuperaciodedades.cat\/es\/\",\"name\":\"Recuperaci\u00f3n de datos en Lleida - Recuperaci\u00f3n de discos duros y otros soportes\",\"isPartOf\":{\"@id\":\"https:\/\/recuperaciodedades.cat\/es\/#website\"},\"primaryImageOfPage\":{\"@id\":\"https:\/\/recuperaciodedades.cat\/es\/#primaryimage\"},\"image\":{\"@id\":\"https:\/\/recuperaciodedades.cat\/es\/#primaryimage\"},\"thumbnailUrl\":\"https:\/\/recuperaciodedades.cat\/wp-content\/uploads\/2019\/09\/repair2.jpg\",\"datePublished\":\"2018-03-07T14:19:33+00:00\",\"dateModified\":\"2019-11-12T11:18:13+00:00\",\"description\":\"Empresa de Lleida especializada en la recuperaci\u00f3n de datos de discos duros HDD, tarjetas de memoria, SSD, RAID y cualquier otro soporte.\",\"breadcrumb\":{\"@id\":\"https:\/\/recuperaciodedades.cat\/es\/#breadcrumb\"},\"inLanguage\":\"es\",\"potentialAction\":[{\"@type\":\"ReadAction\",\"target\":[\"https:\/\/recuperaciodedades.cat\/es\/\"]}]},{\"@type\":\"ImageObject\",\"inLanguage\":\"es\",\"@id\":\"https:\/\/recuperaciodedades.cat\/es\/#primaryimage\",\"url\":\"https:\/\/recuperaciodedades.cat\/wp-content\/uploads\/2019\/09\/repair2.jpg\",\"contentUrl\":\"https:\/\/recuperaciodedades.cat\/wp-content\/uploads\/2019\/09\/repair2.jpg\"},{\"@type\":\"BreadcrumbList\",\"@id\":\"https:\/\/recuperaciodedades.cat\/es\/#breadcrumb\",\"itemListElement\":[{\"@type\":\"ListItem\",\"position\":1,\"name\":\"Home\",\"item\":\"https:\/\/recuperaciodedades.cat\/es\/\"},{\"@type\":\"ListItem\",\"position\":2,\"name\":\"Inicio\"}]},{\"@type\":\"WebSite\",\"@id\":\"https:\/\/recuperaciodedades.cat\/es\/#website\",\"url\":\"https:\/\/recuperaciodedades.cat\/es\/\",\"name\":\"Recuperaci\u00f3 de Dades\",\"description\":\"\",\"publisher\":{\"@id\":\"https:\/\/recuperaciodedades.cat\/es\/#organization\"},\"potentialAction\":[{\"@type\":\"SearchAction\",\"target\":{\"@type\":\"EntryPoint\",\"urlTemplate\":\"https:\/\/recuperaciodedades.cat\/es\/?s={search_term_string}\"},\"query-input\":{\"@type\":\"PropertyValueSpecification\",\"valueRequired\":true,\"valueName\":\"search_term_string\"}}],\"inLanguage\":\"es\"},{\"@type\":\"Organization\",\"@id\":\"https:\/\/recuperaciodedades.cat\/es\/#organization\",\"name\":\"Recuperaci\u00f3 de Dades\",\"url\":\"https:\/\/recuperaciodedades.cat\/es\/\",\"logo\":{\"@type\":\"ImageObject\",\"inLanguage\":\"es\",\"@id\":\"https:\/\/recuperaciodedades.cat\/es\/#\/schema\/logo\/image\/\",\"url\":\"https:\/\/recuperaciodedades.cat\/wp-content\/uploads\/2019\/09\/Logo-Rec-dedades.png\",\"contentUrl\":\"https:\/\/recuperaciodedades.cat\/wp-content\/uploads\/2019\/09\/Logo-Rec-dedades.png\",\"width\":600,\"height\":109,\"caption\":\"Recuperaci\u00f3 de Dades\"},\"image\":{\"@id\":\"https:\/\/recuperaciodedades.cat\/es\/#\/schema\/logo\/image\/\"}}]}<\/script>\n<!-- \/ Yoast SEO plugin. -->","yoast_head_json":{"title":"Recuperaci\u00f3n de datos en Lleida - Recuperaci\u00f3n de discos duros y otros soportes","description":"Empresa de Lleida especializada en la recuperaci\u00f3n de datos de discos duros HDD, tarjetas de memoria, SSD, RAID y cualquier otro soporte.","robots":{"index":"index","follow":"follow","max-snippet":"max-snippet:-1","max-image-preview":"max-image-preview:large","max-video-preview":"max-video-preview:-1"},"canonical":"https:\/\/recuperaciodedades.cat\/es\/","og_locale":"es_ES","og_type":"article","og_title":"Recuperaci\u00f3n de datos en Lleida - Recuperaci\u00f3n de discos duros y otros soportes","og_description":"Empresa de Lleida especializada en la recuperaci\u00f3n de datos de discos duros HDD, tarjetas de memoria, SSD, RAID y cualquier otro soporte.","og_url":"https:\/\/recuperaciodedades.cat\/es\/","og_site_name":"Recuperaci\u00f3 de Dades","article_modified_time":"2019-11-12T11:18:13+00:00","og_image":[{"url":"https:\/\/recuperaciodedades.cat\/wp-content\/uploads\/2019\/09\/repair2.jpg"}],"twitter_card":"summary_large_image","twitter_misc":{"Tiempo de lectura":"3 minutos"},"schema":{"@context":"https:\/\/schema.org","@graph":[{"@type":"WebPage","@id":"https:\/\/recuperaciodedades.cat\/es\/","url":"https:\/\/recuperaciodedades.cat\/es\/","name":"Recuperaci\u00f3n de datos en Lleida - Recuperaci\u00f3n de discos duros y otros soportes","isPartOf":{"@id":"https:\/\/recuperaciodedades.cat\/es\/#website"},"primaryImageOfPage":{"@id":"https:\/\/recuperaciodedades.cat\/es\/#primaryimage"},"image":{"@id":"https:\/\/recuperaciodedades.cat\/es\/#primaryimage"},"thumbnailUrl":"https:\/\/recuperaciodedades.cat\/wp-content\/uploads\/2019\/09\/repair2.jpg","datePublished":"2018-03-07T14:19:33+00:00","dateModified":"2019-11-12T11:18:13+00:00","description":"Empresa de Lleida especializada en la recuperaci\u00f3n de datos de discos duros HDD, tarjetas de memoria, SSD, RAID y cualquier otro soporte.","breadcrumb":{"@id":"https:\/\/recuperaciodedades.cat\/es\/#breadcrumb"},"inLanguage":"es","potentialAction":[{"@type":"ReadAction","target":["https:\/\/recuperaciodedades.cat\/es\/"]}]},{"@type":"ImageObject","inLanguage":"es","@id":"https:\/\/recuperaciodedades.cat\/es\/#primaryimage","url":"https:\/\/recuperaciodedades.cat\/wp-content\/uploads\/2019\/09\/repair2.jpg","contentUrl":"https:\/\/recuperaciodedades.cat\/wp-content\/uploads\/2019\/09\/repair2.jpg"},{"@type":"BreadcrumbList","@id":"https:\/\/recuperaciodedades.cat\/es\/#breadcrumb","itemListElement":[{"@type":"ListItem","position":1,"name":"Home","item":"https:\/\/recuperaciodedades.cat\/es\/"},{"@type":"ListItem","position":2,"name":"Inicio"}]},{"@type":"WebSite","@id":"https:\/\/recuperaciodedades.cat\/es\/#website","url":"https:\/\/recuperaciodedades.cat\/es\/","name":"Recuperaci\u00f3 de Dades","description":"","publisher":{"@id":"https:\/\/recuperaciodedades.cat\/es\/#organization"},"potentialAction":[{"@type":"SearchAction","target":{"@type":"EntryPoint","urlTemplate":"https:\/\/recuperaciodedades.cat\/es\/?s={search_term_string}"},"query-input":{"@type":"PropertyValueSpecification","valueRequired":true,"valueName":"search_term_string"}}],"inLanguage":"es"},{"@type":"Organization","@id":"https:\/\/recuperaciodedades.cat\/es\/#organization","name":"Recuperaci\u00f3 de Dades","url":"https:\/\/recuperaciodedades.cat\/es\/","logo":{"@type":"ImageObject","inLanguage":"es","@id":"https:\/\/recuperaciodedades.cat\/es\/#\/schema\/logo\/image\/","url":"https:\/\/recuperaciodedades.cat\/wp-content\/uploads\/2019\/09\/Logo-Rec-dedades.png","contentUrl":"https:\/\/recuperaciodedades.cat\/wp-content\/uploads\/2019\/09\/Logo-Rec-dedades.png","width":600,"height":109,"caption":"Recuperaci\u00f3 de Dades"},"image":{"@id":"https:\/\/recuperaciodedades.cat\/es\/#\/schema\/logo\/image\/"}}]}},"_links":{"self":[{"href":"https:\/\/recuperaciodedades.cat\/es\/wp-json\/wp\/v2\/pages\/1635"}],"collection":[{"href":"https:\/\/recuperaciodedades.cat\/es\/wp-json\/wp\/v2\/pages"}],"about":[{"href":"https:\/\/recuperaciodedades.cat\/es\/wp-json\/wp\/v2\/types\/page"}],"author":[{"embeddable":true,"href":"https:\/\/recuperaciodedades.cat\/es\/wp-json\/wp\/v2\/users\/2"}],"replies":[{"embeddable":true,"href":"https:\/\/recuperaciodedades.cat\/es\/wp-json\/wp\/v2\/comments?post=1635"}],"version-history":[{"count":6,"href":"https:\/\/recuperaciodedades.cat\/es\/wp-json\/wp\/v2\/pages\/1635\/revisions"}],"predecessor-version":[{"id":1852,"href":"https:\/\/recuperaciodedades.cat\/es\/wp-json\/wp\/v2\/pages\/1635\/revisions\/1852"}],"wp:attachment":[{"href":"https:\/\/recuperaciodedades.cat\/es\/wp-json\/wp\/v2\/media?parent=1635"}],"curies":[{"name":"wp","href":"https:\/\/api.w.org\/{rel}","templated":true}]}}